{"id":70,"date":"2025-02-25T14:55:09","date_gmt":"2025-02-25T13:55:09","guid":{"rendered":"https:\/\/sanftegeburt.ch\/shop\/?page_id=70"},"modified":"2025-04-20T23:01:38","modified_gmt":"2025-04-20T21:01:38","slug":"starte-jetzt-dein-audio-flow-erlebnis-so-gehts","status":"publish","type":"page","link":"https:\/\/sanftegeburt.ch\/shop\/gut-zu-wissen\/starte-jetzt-dein-audio-flow-erlebnis-so-gehts\/","title":{"rendered":"Starte jetzt dein Audio-Flow-Erlebnis &#8211; so geht\u2019s"},"content":{"rendered":"\t\t<div data-elementor-type=\"wp-page\" data-elementor-id=\"70\" class=\"elementor elementor-70\" data-elementor-settings=\"{&quot;element_pack_global_tooltip_width&quot;:{&quot;unit&quot;:&quot;px&quot;,&quot;size&quot;:&quot;&quot;,&quot;sizes&quot;:[]},&quot;element_pack_global_tooltip_width_tablet_extra&quot;:{&quot;unit&quot;:&quot;px&quot;,&quot;size&quot;:&quot;&quot;,&quot;sizes&quot;:[]},&quot;element_pack_global_tooltip_width_tablet&quot;:{&quot;unit&quot;:&quot;px&quot;,&quot;size&quot;:&quot;&quot;,&quot;sizes&quot;:[]},&quot;element_pack_global_tooltip_width_mobile&quot;:{&quot;unit&quot;:&quot;px&quot;,&quot;size&quot;:&quot;&quot;,&quot;sizes&quot;:[]},&quot;element_pack_global_tooltip_padding&quot;:{&quot;unit&quot;:&quot;px&quot;,&quot;top&quot;:&quot;&quot;,&quot;right&quot;:&quot;&quot;,&quot;bottom&quot;:&quot;&quot;,&quot;left&quot;:&quot;&quot;,&quot;isLinked&quot;:true},&quot;element_pack_global_tooltip_padding_tablet_extra&quot;:{&quot;unit&quot;:&quot;px&quot;,&quot;top&quot;:&quot;&quot;,&quot;right&quot;:&quot;&quot;,&quot;bottom&quot;:&quot;&quot;,&quot;left&quot;:&quot;&quot;,&quot;isLinked&quot;:true},&quot;element_pack_global_tooltip_padding_tablet&quot;:{&quot;unit&quot;:&quot;px&quot;,&quot;top&quot;:&quot;&quot;,&quot;right&quot;:&quot;&quot;,&quot;bottom&quot;:&quot;&quot;,&quot;left&quot;:&quot;&quot;,&quot;isLinked&quot;:true},&quot;element_pack_global_tooltip_padding_mobile&quot;:{&quot;unit&quot;:&quot;px&quot;,&quot;top&quot;:&quot;&quot;,&quot;right&quot;:&quot;&quot;,&quot;bottom&quot;:&quot;&quot;,&quot;left&quot;:&quot;&quot;,&quot;isLinked&quot;:true},&quot;element_pack_global_tooltip_border_radius&quot;:{&quot;unit&quot;:&quot;px&quot;,&quot;top&quot;:&quot;&quot;,&quot;right&quot;:&quot;&quot;,&quot;bottom&quot;:&quot;&quot;,&quot;left&quot;:&quot;&quot;,&quot;isLinked&quot;:true},&quot;element_pack_global_tooltip_border_radius_tablet_extra&quot;:{&quot;unit&quot;:&quot;px&quot;,&quot;top&quot;:&quot;&quot;,&quot;right&quot;:&quot;&quot;,&quot;bottom&quot;:&quot;&quot;,&quot;left&quot;:&quot;&quot;,&quot;isLinked&quot;:true},&quot;element_pack_global_tooltip_border_radius_tablet&quot;:{&quot;unit&quot;:&quot;px&quot;,&quot;top&quot;:&quot;&quot;,&quot;right&quot;:&quot;&quot;,&quot;bottom&quot;:&quot;&quot;,&quot;left&quot;:&quot;&quot;,&quot;isLinked&quot;:true},&quot;element_pack_global_tooltip_border_radius_mobile&quot;:{&quot;unit&quot;:&quot;px&quot;,&quot;top&quot;:&quot;&quot;,&quot;right&quot;:&quot;&quot;,&quot;bottom&quot;:&quot;&quot;,&quot;left&quot;:&quot;&quot;,&quot;isLinked&quot;:true}}\" data-elementor-post-type=\"page\">\n\t\t\t\t<div class=\"elementor-element elementor-element-44297e8 e-flex e-con-boxed e-con e-parent\" data-id=\"44297e8\" data-element_type=\"container\" data-e-type=\"container\">\n\t\t\t\t\t<div class=\"e-con-inner\">\n\t\t\t\t<div class=\"elementor-element elementor-element-e9ad971 elementor-widget elementor-widget-heading\" data-id=\"e9ad971\" data-element_type=\"widget\" data-e-type=\"widget\" data-widget_type=\"heading.default\">\n\t\t\t\t<div class=\"elementor-widget-container\">\n\t\t\t\t\t<h2 class=\"elementor-heading-title elementor-size-default\">Audio-Flow-Erlebnisse als Downloads<\/h2>\t\t\t\t<\/div>\n\t\t\t\t<\/div>\n\t\t<div class=\"elementor-element elementor-element-bcf016f e-grid e-con-full e-con e-child\" data-id=\"bcf016f\" data-element_type=\"container\" data-e-type=\"container\">\n\t\t<div class=\"elementor-element elementor-element-c4c93dc e-con-full e-flex e-con e-child\" data-id=\"c4c93dc\" data-element_type=\"container\" data-e-type=\"container\" data-settings=\"{&quot;background_background&quot;:&quot;classic&quot;}\">\n\t\t\t\t<div class=\"elementor-element elementor-element-7b96bb5 elementor-view-stacked elementor-shape-circle elementor-position-block-start elementor-mobile-position-block-start elementor-widget elementor-widget-icon-box\" data-id=\"7b96bb5\" data-element_type=\"widget\" data-e-type=\"widget\" data-widget_type=\"icon-box.default\">\n\t\t\t\t<div class=\"elementor-widget-container\">\n\t\t\t\t\t\t\t<div class=\"elementor-icon-box-wrapper\">\n\n\t\t\t\t\t\t<div class=\"elementor-icon-box-icon\">\n\t\t\t\t<span  class=\"elementor-icon\">\n\t\t\t\t<i aria-hidden=\"true\" class=\" icon_cloud-download_alt\"><\/i>\t\t\t\t<\/span>\n\t\t\t<\/div>\n\t\t\t\n\t\t\t\t\t\t<div class=\"elementor-icon-box-content\">\n\n\t\t\t\t\t\t\t\t\t<h3 class=\"elementor-icon-box-title\">\n\t\t\t\t\t\t<span  >\n\t\t\t\t\t\t\t1. Download\t\t\t\t\t\t<\/span>\n\t\t\t\t\t<\/h3>\n\t\t\t\t\n\t\t\t\t\t\t\t\t\t<p class=\"elementor-icon-box-description\">\n\t\t\t\t\t\tW\u00e4hle zuerst deine Audio-Flow-Erlebnisse aus und kaufe sie. Danach kannst du deine Dateien sofort herunterladen und anh\u00f6ren.\t\t\t\t\t<\/p>\n\t\t\t\t\n\t\t\t<\/div>\n\t\t\t\n\t\t<\/div>\n\t\t\t\t\t\t<\/div>\n\t\t\t\t<\/div>\n\t\t\t\t<\/div>\n\t\t<div class=\"elementor-element elementor-element-eda097c e-con-full e-flex e-con e-child\" data-id=\"eda097c\" data-element_type=\"container\" data-e-type=\"container\" data-settings=\"{&quot;background_background&quot;:&quot;classic&quot;}\">\n\t\t\t\t<div class=\"elementor-element elementor-element-a1b8d0c elementor-view-stacked elementor-shape-circle elementor-position-block-start elementor-mobile-position-block-start elementor-widget elementor-widget-icon-box\" data-id=\"a1b8d0c\" data-element_type=\"widget\" data-e-type=\"widget\" data-widget_type=\"icon-box.default\">\n\t\t\t\t<div class=\"elementor-widget-container\">\n\t\t\t\t\t\t\t<div class=\"elementor-icon-box-wrapper\">\n\n\t\t\t\t\t\t<div class=\"elementor-icon-box-icon\">\n\t\t\t\t<span  class=\"elementor-icon\">\n\t\t\t\t<i aria-hidden=\"true\" class=\" ti-headphone\"><\/i>\t\t\t\t<\/span>\n\t\t\t<\/div>\n\t\t\t\n\t\t\t\t\t\t<div class=\"elementor-icon-box-content\">\n\n\t\t\t\t\t\t\t\t\t<h3 class=\"elementor-icon-box-title\">\n\t\t\t\t\t\t<span  >\n\t\t\t\t\t\t\t2. Anh\u00f6ren\t\t\t\t\t\t<\/span>\n\t\t\t\t\t<\/h3>\n\t\t\t\t\n\t\t\t\t\t\t\t\t\t<p class=\"elementor-icon-box-description\">\n\t\t\t\t\t\tBeeinflusse dein Unterbewusstsein positiv durch das H\u00f6ren deiner Audio-Flow-Erlebnisse \u2013 am besten immer wieder. \t\t\t\t\t<\/p>\n\t\t\t\t\n\t\t\t<\/div>\n\t\t\t\n\t\t<\/div>\n\t\t\t\t\t\t<\/div>\n\t\t\t\t<\/div>\n\t\t\t\t<\/div>\n\t\t<div class=\"elementor-element elementor-element-2c94a83 e-con-full e-flex e-con e-child\" data-id=\"2c94a83\" data-element_type=\"container\" data-e-type=\"container\" data-settings=\"{&quot;background_background&quot;:&quot;classic&quot;}\">\n\t\t\t\t<div class=\"elementor-element elementor-element-f702e87 elementor-view-stacked elementor-shape-circle elementor-position-block-start elementor-mobile-position-block-start elementor-widget elementor-widget-icon-box\" data-id=\"f702e87\" data-element_type=\"widget\" data-e-type=\"widget\" data-widget_type=\"icon-box.default\">\n\t\t\t\t<div class=\"elementor-widget-container\">\n\t\t\t\t\t\t\t<div class=\"elementor-icon-box-wrapper\">\n\n\t\t\t\t\t\t<div class=\"elementor-icon-box-icon\">\n\t\t\t\t<span  class=\"elementor-icon\">\n\t\t\t\t<i aria-hidden=\"true\" class=\"lnr lnr-magic-wand\"><\/i>\t\t\t\t<\/span>\n\t\t\t<\/div>\n\t\t\t\n\t\t\t\t\t\t<div class=\"elementor-icon-box-content\">\n\n\t\t\t\t\t\t\t\t\t<h3 class=\"elementor-icon-box-title\">\n\t\t\t\t\t\t<span  >\n\t\t\t\t\t\t\t3. Vorteile sp\u00fcren\t\t\t\t\t\t<\/span>\n\t\t\t\t\t<\/h3>\n\t\t\t\t\n\t\t\t\t\t\t\t\t\t<p class=\"elementor-icon-box-description\">\n\t\t\t\t\t\tGenie\u00dfe die Audio-Flow-Erlebnisse als Tiefenentspannung oder als Subliminals mit Musik f\u00fcr eine positive Schwangerschaft und Geburt.\t\t\t\t\t<\/p>\n\t\t\t\t\n\t\t\t<\/div>\n\t\t\t\n\t\t<\/div>\n\t\t\t\t\t\t<\/div>\n\t\t\t\t<\/div>\n\t\t\t\t<\/div>\n\t\t\t\t<\/div>\n\t\t\t\t<div class=\"elementor-element elementor-element-b6a1acd elementor-widget elementor-widget-text-editor\" data-id=\"b6a1acd\" data-element_type=\"widget\" data-e-type=\"widget\" data-widget_type=\"text-editor.default\">\n\t\t\t\t<div class=\"elementor-widget-container\">\n\t\t\t\t\t\t\t\t\t<h3>So helfen dir unsere Audio-Flow-Erlebnisse:<\/h3><p>Wissenschaftliche Studien zeigen, dass Tiefenentspannung w\u00e4hrend der Schwangerschaft sehr vorteilhaft f\u00fcr dein Baby, dich als werdende Mutter und somit auch f\u00fcr dein Erleben der Schwangerschaft und Geburt ist. Wenn du gestresst oder \u00e4ngstlich bist, verspannt sich dein K\u00f6rper \u2013 und das kann die Geburt bekannterma\u00dfen erschweren.<\/p>\t\t\t\t\t\t\t\t<\/div>\n\t\t\t\t<\/div>\n\t\t<div class=\"elementor-element elementor-element-d0da848 e-con-full e-flex e-con e-child\" data-id=\"d0da848\" data-element_type=\"container\" data-e-type=\"container\">\n\t\t<div class=\"elementor-element elementor-element-7282435 e-con-full e-flex e-con e-child\" data-id=\"7282435\" data-element_type=\"container\" data-e-type=\"container\">\n\t\t\t\t<div class=\"elementor-element elementor-element-75fc768 elementor-widget elementor-widget-text-editor\" data-id=\"75fc768\" data-element_type=\"widget\" data-e-type=\"widget\" data-widget_type=\"text-editor.default\">\n\t\t\t\t<div class=\"elementor-widget-container\">\n\t\t\t\t\t\t\t\t\t<h3>Audio-Entspannung<\/h3><p>Unsere Audio-Flow-Erlebnisse helfen dir dabei, eine wunderbar tiefe Entspannung zu erreichen. In diesem Zustand kannst du deinen Geist und K\u00f6rper trainieren und dich perfekt auf eine genussvolle Schwangerschaft und eine sch\u00f6ne Geburt einstimmen. Durch regelm\u00e4\u00dfiges Anh\u00f6ren der Audio-Flow-Erlebnisse wirst du lernen, jederzeit und auf Knopfdruck loszulassen und zu entspannen, aufkommende \u00c4ngste aufzul\u00f6sen und mit gro\u00dfem Selbstvertrauen weiterzugehen.<\/p><p>Zu Beginn wirst du in einen Zustand fokussierter Aufmerksamkeit gef\u00fchrt. Nach der Einleitung der Tiefenentspannung folgen positive Anregungen an dein Unterbewusstsein \u2013 wie du dich zuk\u00fcnftig in bestimmten Situationen verhalten m\u00f6chtest. So lernt dein Gehirn die gew\u00fcnschten Verhaltensmuster und kann sie genau dann abrufen, wenn du sie brauchst.<\/p>\t\t\t\t\t\t\t\t<\/div>\n\t\t\t\t<\/div>\n\t\t\t\t<\/div>\n\t\t<div class=\"elementor-element elementor-element-8164d13 e-con-full e-flex e-con e-child\" data-id=\"8164d13\" data-element_type=\"container\" data-e-type=\"container\">\n\t\t\t\t<div class=\"elementor-element elementor-element-4fb1b8d elementor-widget elementor-widget-image\" data-id=\"4fb1b8d\" data-element_type=\"widget\" data-e-type=\"widget\" data-widget_type=\"image.default\">\n\t\t\t\t<div class=\"elementor-widget-container\">\n\t\t\t\t\t\t\t\t\t\t\t\t\t\t\t<img fetchpriority=\"high\" decoding=\"async\" width=\"623\" height=\"576\" src=\"https:\/\/sanftegeburt.ch\/shop\/wp-content\/uploads\/2025\/04\/mp3_entspannung.jpg\" class=\"attachment-large size-large wp-image-1991\" alt=\"Entspannung mit MP3 Audio\" srcset=\"https:\/\/sanftegeburt.ch\/shop\/wp-content\/uploads\/2025\/04\/mp3_entspannung.jpg 623w, https:\/\/sanftegeburt.ch\/shop\/wp-content\/uploads\/2025\/04\/mp3_entspannung-300x277.jpg 300w, https:\/\/sanftegeburt.ch\/shop\/wp-content\/uploads\/2025\/04\/mp3_entspannung-600x555.jpg 600w\" sizes=\"(max-width: 623px) 100vw, 623px\" \/>\t\t\t\t\t\t\t\t\t\t\t\t\t\t\t<\/div>\n\t\t\t\t<\/div>\n\t\t\t\t<\/div>\n\t\t\t\t<\/div>\n\t\t\t\t<div class=\"elementor-element elementor-element-759bc1c elementor-widget elementor-widget-text-editor\" data-id=\"759bc1c\" data-element_type=\"widget\" data-e-type=\"widget\" data-widget_type=\"text-editor.default\">\n\t\t\t\t<div class=\"elementor-widget-container\">\n\t\t\t\t\t\t\t\t\t<p>Die Audio-Flow-Erlebnisse haben eine sehr hohe Wirksamkeit, und mit jeder Wiederholung entspannst du dich schneller und tiefer. Schlie\u00dflich werden Stimme und Musik f\u00fcr dich zu einem wunderbaren Ausl\u00f6ser, der dich in einen tief entspannten Zustand bringt \u2013 einen Zustand, in dem sich dein K\u00f6rper rundum wohlf\u00fchlt und dein Baby sich geborgen f\u00fchlt.<\/p>\t\t\t\t\t\t\t\t<\/div>\n\t\t\t\t<\/div>\n\t\t\t\t\t<\/div>\n\t\t\t\t<\/div>\n\t\t\t\t<\/div>\n\t\t","protected":false},"excerpt":{"rendered":"<p>Audio-Flow-Erlebnisse als Downloads 1. Download W\u00e4hle zuerst deine Audio-Flow-Erlebnisse aus und kaufe sie. Danach kannst du deine Dateien sofort herunterladen und anh\u00f6ren. 2. Anh\u00f6ren Beeinflusse dein Unterbewusstsein positiv durch das H\u00f6ren deiner Audio-Flow-Erlebnisse \u2013 am besten immer wieder. 3. Vorteile sp\u00fcren Genie\u00dfe die Audio-Flow-Erlebnisse als Tiefenentspannung oder als Subliminals mit Musik f\u00fcr eine positive Schwangerschaft [&hellip;]<\/p>\n","protected":false},"author":1,"featured_media":0,"parent":68,"menu_order":0,"comment_status":"closed","ping_status":"closed","template":"","meta":{"footnotes":""},"class_list":["post-70","page","type-page","status-publish","hentry"],"_links":{"self":[{"href":"https:\/\/sanftegeburt.ch\/shop\/wp-json\/wp\/v2\/pages\/70","targetHints":{"allow":["GET"]}}],"collection":[{"href":"https:\/\/sanftegeburt.ch\/shop\/wp-json\/wp\/v2\/pages"}],"about":[{"href":"https:\/\/sanftegeburt.ch\/shop\/wp-json\/wp\/v2\/types\/page"}],"author":[{"embeddable":true,"href":"https:\/\/sanftegeburt.ch\/shop\/wp-json\/wp\/v2\/users\/1"}],"replies":[{"embeddable":true,"href":"https:\/\/sanftegeburt.ch\/shop\/wp-json\/wp\/v2\/comments?post=70"}],"version-history":[{"count":0,"href":"https:\/\/sanftegeburt.ch\/shop\/wp-json\/wp\/v2\/pages\/70\/revisions"}],"up":[{"embeddable":true,"href":"https:\/\/sanftegeburt.ch\/shop\/wp-json\/wp\/v2\/pages\/68"}],"wp:attachment":[{"href":"https:\/\/sanftegeburt.ch\/shop\/wp-json\/wp\/v2\/media?parent=70"}],"curies":[{"name":"wp","href":"https:\/\/api.w.org\/{rel}","templated":true}]}}