{"id":74,"date":"2025-02-25T14:56:23","date_gmt":"2025-02-25T13:56:23","guid":{"rendered":"https:\/\/sanftegeburt.ch\/shop\/?page_id=74"},"modified":"2025-05-13T19:46:01","modified_gmt":"2025-05-13T17:46:01","slug":"so-wirkt-tiefenentspannung","status":"publish","type":"page","link":"https:\/\/sanftegeburt.ch\/shop\/gut-zu-wissen\/so-wirkt-tiefenentspannung\/","title":{"rendered":"So wirkt Tiefenentspannung"},"content":{"rendered":"\t\t<div data-elementor-type=\"wp-page\" data-elementor-id=\"74\" class=\"elementor elementor-74\" data-elementor-settings=\"{&quot;element_pack_global_tooltip_width&quot;:{&quot;unit&quot;:&quot;px&quot;,&quot;size&quot;:&quot;&quot;,&quot;sizes&quot;:[]},&quot;element_pack_global_tooltip_width_tablet_extra&quot;:{&quot;unit&quot;:&quot;px&quot;,&quot;size&quot;:&quot;&quot;,&quot;sizes&quot;:[]},&quot;element_pack_global_tooltip_width_tablet&quot;:{&quot;unit&quot;:&quot;px&quot;,&quot;size&quot;:&quot;&quot;,&quot;sizes&quot;:[]},&quot;element_pack_global_tooltip_width_mobile&quot;:{&quot;unit&quot;:&quot;px&quot;,&quot;size&quot;:&quot;&quot;,&quot;sizes&quot;:[]},&quot;element_pack_global_tooltip_padding&quot;:{&quot;unit&quot;:&quot;px&quot;,&quot;top&quot;:&quot;&quot;,&quot;right&quot;:&quot;&quot;,&quot;bottom&quot;:&quot;&quot;,&quot;left&quot;:&quot;&quot;,&quot;isLinked&quot;:true},&quot;element_pack_global_tooltip_padding_tablet_extra&quot;:{&quot;unit&quot;:&quot;px&quot;,&quot;top&quot;:&quot;&quot;,&quot;right&quot;:&quot;&quot;,&quot;bottom&quot;:&quot;&quot;,&quot;left&quot;:&quot;&quot;,&quot;isLinked&quot;:true},&quot;element_pack_global_tooltip_padding_tablet&quot;:{&quot;unit&quot;:&quot;px&quot;,&quot;top&quot;:&quot;&quot;,&quot;right&quot;:&quot;&quot;,&quot;bottom&quot;:&quot;&quot;,&quot;left&quot;:&quot;&quot;,&quot;isLinked&quot;:true},&quot;element_pack_global_tooltip_padding_mobile&quot;:{&quot;unit&quot;:&quot;px&quot;,&quot;top&quot;:&quot;&quot;,&quot;right&quot;:&quot;&quot;,&quot;bottom&quot;:&quot;&quot;,&quot;left&quot;:&quot;&quot;,&quot;isLinked&quot;:true},&quot;element_pack_global_tooltip_border_radius&quot;:{&quot;unit&quot;:&quot;px&quot;,&quot;top&quot;:&quot;&quot;,&quot;right&quot;:&quot;&quot;,&quot;bottom&quot;:&quot;&quot;,&quot;left&quot;:&quot;&quot;,&quot;isLinked&quot;:true},&quot;element_pack_global_tooltip_border_radius_tablet_extra&quot;:{&quot;unit&quot;:&quot;px&quot;,&quot;top&quot;:&quot;&quot;,&quot;right&quot;:&quot;&quot;,&quot;bottom&quot;:&quot;&quot;,&quot;left&quot;:&quot;&quot;,&quot;isLinked&quot;:true},&quot;element_pack_global_tooltip_border_radius_tablet&quot;:{&quot;unit&quot;:&quot;px&quot;,&quot;top&quot;:&quot;&quot;,&quot;right&quot;:&quot;&quot;,&quot;bottom&quot;:&quot;&quot;,&quot;left&quot;:&quot;&quot;,&quot;isLinked&quot;:true},&quot;element_pack_global_tooltip_border_radius_mobile&quot;:{&quot;unit&quot;:&quot;px&quot;,&quot;top&quot;:&quot;&quot;,&quot;right&quot;:&quot;&quot;,&quot;bottom&quot;:&quot;&quot;,&quot;left&quot;:&quot;&quot;,&quot;isLinked&quot;:true}}\" data-elementor-post-type=\"page\">\n\t\t\t\t<div class=\"elementor-element elementor-element-1dd6576 e-flex e-con-boxed e-con e-parent\" data-id=\"1dd6576\" data-element_type=\"container\" data-e-type=\"container\">\n\t\t\t\t\t<div class=\"e-con-inner\">\n\t\t\t\t<div class=\"elementor-element elementor-element-62c125e elementor-widget elementor-widget-heading\" data-id=\"62c125e\" data-element_type=\"widget\" data-e-type=\"widget\" data-widget_type=\"heading.default\">\n\t\t\t\t<div class=\"elementor-widget-container\">\n\t\t\t\t\t<h2 class=\"elementor-heading-title elementor-size-default\">Nutze die Kraftquelle deines Unterbewusstseins<\/h2>\t\t\t\t<\/div>\n\t\t\t\t<\/div>\n\t\t\t\t<div class=\"elementor-element elementor-element-9298bc4 elementor-widget elementor-widget-text-editor\" data-id=\"9298bc4\" data-element_type=\"widget\" data-e-type=\"widget\" data-widget_type=\"text-editor.default\">\n\t\t\t\t<div class=\"elementor-widget-container\">\n\t\t\t\t\t\t\t\t\t<p>Unser Wahrnehmen, Denken und Handeln wird viel mehr als uns im Entferntesten bewusst ist, durch eine Macht gesteuert, die unser gesamtes Leben pr\u00e4gt: \u201edem Unterbewusstsein&#8220;.<\/p><p>Jedem einzelnen von uns steht als bewusster Mensch vielleicht 6% des in Ihnen vorhandenen Wissens zur Verf\u00fcgung, deinem Unterbewusstsein jedoch zus\u00e4tzlich noch eine gewaltige Ressource von weiteren 94%, auf die du bewusst keinen Zugriff hast.<\/p>\t\t\t\t\t\t\t\t<\/div>\n\t\t\t\t<\/div>\n\t\t<div class=\"elementor-element elementor-element-e7a8392 e-con-full e-flex e-con e-child\" data-id=\"e7a8392\" data-element_type=\"container\" data-e-type=\"container\">\n\t\t<div class=\"elementor-element elementor-element-4be3e64 e-con-full e-flex e-con e-child\" data-id=\"4be3e64\" data-element_type=\"container\" data-e-type=\"container\">\n\t\t\t\t<div class=\"elementor-element elementor-element-860c3a3 elementor-widget elementor-widget-image\" data-id=\"860c3a3\" data-element_type=\"widget\" data-e-type=\"widget\" data-widget_type=\"image.default\">\n\t\t\t\t<div class=\"elementor-widget-container\">\n\t\t\t\t\t\t\t\t\t\t\t\t\t\t\t<img fetchpriority=\"high\" decoding=\"async\" width=\"623\" height=\"576\" src=\"https:\/\/sanftegeburt.ch\/shop\/wp-content\/uploads\/2025\/05\/wirkung-tiefenentspannung2.jpg\" class=\"attachment-large size-large wp-image-2630\" alt=\"Frau in Tiefenentspannung\" srcset=\"https:\/\/sanftegeburt.ch\/shop\/wp-content\/uploads\/2025\/05\/wirkung-tiefenentspannung2.jpg 623w, https:\/\/sanftegeburt.ch\/shop\/wp-content\/uploads\/2025\/05\/wirkung-tiefenentspannung2-300x277.jpg 300w, https:\/\/sanftegeburt.ch\/shop\/wp-content\/uploads\/2025\/05\/wirkung-tiefenentspannung2-600x555.jpg 600w\" sizes=\"(max-width: 623px) 100vw, 623px\" \/>\t\t\t\t\t\t\t\t\t\t\t\t\t\t\t<\/div>\n\t\t\t\t<\/div>\n\t\t\t\t<\/div>\n\t\t<div class=\"elementor-element elementor-element-685ef64 e-con-full e-flex e-con e-child\" data-id=\"685ef64\" data-element_type=\"container\" data-e-type=\"container\">\n\t\t\t\t<div class=\"elementor-element elementor-element-b74a91e elementor-widget elementor-widget-text-editor\" data-id=\"b74a91e\" data-element_type=\"widget\" data-e-type=\"widget\" data-widget_type=\"text-editor.default\">\n\t\t\t\t<div class=\"elementor-widget-container\">\n\t\t\t\t\t\t\t\t\t<p>Die Audio-Flow-Erlebnisse von SanfteGeburt\u00ae helfen dir den Kontakt zu deinem Unterbewusstsein herzustellen, dich besser kennen zu lernen, positiv zu ver\u00e4ndern und machtvolle Ressourcen f\u00fcr dich arbeiten zu lassen.<\/p><p>Unsere Audio-Downloads sind eine gute Alternative zur therapeutischen Hypnosesitzung, denn sie basieren auf dem gleichen Wirkungsprinzip wie die traditionelle Technik der Hypnose.<\/p><p>Viele glauben, Hypnose sei ein Schlafzustand, in dem man v\u00f6llig willenlos w\u00e4re. Tats\u00e4chlich aber ist es ein sehr fokussierter Zustand, in dem die Aufmerksamkeit hochkonzentriert auf ein ganz bestimmtes Thema gerichtet ist.<\/p>\t\t\t\t\t\t\t\t<\/div>\n\t\t\t\t<\/div>\n\t\t\t\t<\/div>\n\t\t\t\t<\/div>\n\t\t\t\t<div class=\"elementor-element elementor-element-c9735d4 elementor-widget elementor-widget-text-editor\" data-id=\"c9735d4\" data-element_type=\"widget\" data-e-type=\"widget\" data-widget_type=\"text-editor.default\">\n\t\t\t\t<div class=\"elementor-widget-container\">\n\t\t\t\t\t\t\t\t\t<p>Um die Aufmerksamkeit hochkonzentriert auf etwas zu lenken was dir wichtig ist, braucht es keinen Hypnotiseur. Du kannst das auch durch Selbsthypnose, Meditation, NLP, Autogenem- und Mentaltraining erreichen &#8211; oder kurz: Durch die Audio-Flow-Erlebnisse von SanfteGeburt\u00ae.<\/p>\t\t\t\t\t\t\t\t<\/div>\n\t\t\t\t<\/div>\n\t\t\t\t<div class=\"elementor-element elementor-element-d8b31b9 elementor-widget elementor-widget-heading\" data-id=\"d8b31b9\" data-element_type=\"widget\" data-e-type=\"widget\" data-widget_type=\"heading.default\">\n\t\t\t\t<div class=\"elementor-widget-container\">\n\t\t\t\t\t<h2 class=\"elementor-heading-title elementor-size-default\">Positive Ergebnisse in k\u00fcrzester Zeit erzielen<\/h2>\t\t\t\t<\/div>\n\t\t\t\t<\/div>\n\t\t\t\t<div class=\"elementor-element elementor-element-e4a2e71 elementor-widget elementor-widget-text-editor\" data-id=\"e4a2e71\" data-element_type=\"widget\" data-e-type=\"widget\" data-widget_type=\"text-editor.default\">\n\t\t\t\t<div class=\"elementor-widget-container\">\n\t\t\t\t\t\t\t\t\t<p>Schon nach wenigen Minuten versp\u00fcrt man eine angenehme Entspannung und der K\u00f6rper beginnt, sich zu regenerieren.<\/p><p>W\u00e4hrend der Tiefenentspannung ist der Geist hochkonzentriert und aufnahmebereit. Dieser Trance-Zustand wird durch die positiven Suggestionen bewusst herbeigef\u00fchrt und schafft so einen direkten Zugang in das Unterbewusstsein, der Schaltzentrale unseres Denkens, Handelns und F\u00fchlens.<\/p>\t\t\t\t\t\t\t\t<\/div>\n\t\t\t\t<\/div>\n\t\t<div class=\"elementor-element elementor-element-c9764b8 e-con-full e-flex e-con e-child\" data-id=\"c9764b8\" data-element_type=\"container\" data-e-type=\"container\">\n\t\t<div class=\"elementor-element elementor-element-aa60c13 e-con-full e-flex e-con e-child\" data-id=\"aa60c13\" data-element_type=\"container\" data-e-type=\"container\">\n\t\t\t\t<div class=\"elementor-element elementor-element-70f82ac elementor-widget elementor-widget-text-editor\" data-id=\"70f82ac\" data-element_type=\"widget\" data-e-type=\"widget\" data-widget_type=\"text-editor.default\">\n\t\t\t\t<div class=\"elementor-widget-container\">\n\t\t\t\t\t\t\t\t\t<p>Mit unseren Tiefenentspannungen hast du die M\u00f6glichkeit, dich ganz einfach selbst in einen Entspannungszustand zu versetzen und deine W\u00fcnsche und Ziele zu erf\u00fcllen.<\/p><p>Die Audio-Flow-Erlebnisse von SanfteGeburt\u00ae haben eine sehr hohe Wirksamkeit. Genie\u00dfe die Tiefenentspannung so oft wie m\u00f6glich. Ganz beil\u00e4ufig und ohne gro\u00dfen Aufwand bewirkst du dabei die positivsten Ver\u00e4nderungen f\u00fcr Schwangerschaft, Geburt, Elternsein und Selbstentfaltung.<\/p><p>Zu Beginn der Tiefenentspannung wirst du in eine fokussierte Aufmerksamkeit gelenkt. Danach folgen Ziele und Anregungen f\u00fcr dein Unterbewusstsein, wie du dich zuk\u00fcnftig in bestimmten Situationen verhalten willst.<\/p>\t\t\t\t\t\t\t\t<\/div>\n\t\t\t\t<\/div>\n\t\t\t\t<\/div>\n\t\t<div class=\"elementor-element elementor-element-dee6a9a e-con-full e-flex e-con e-child\" data-id=\"dee6a9a\" data-element_type=\"container\" data-e-type=\"container\">\n\t\t\t\t<div class=\"elementor-element elementor-element-d6635ac elementor-widget elementor-widget-image\" data-id=\"d6635ac\" data-element_type=\"widget\" data-e-type=\"widget\" data-widget_type=\"image.default\">\n\t\t\t\t<div class=\"elementor-widget-container\">\n\t\t\t\t\t\t\t\t\t\t\t\t\t\t\t<img decoding=\"async\" width=\"623\" height=\"576\" src=\"https:\/\/sanftegeburt.ch\/shop\/wp-content\/uploads\/2025\/05\/wirkung-tiefenentspannung4.jpg\" class=\"attachment-large size-large wp-image-2636\" alt=\"\" srcset=\"https:\/\/sanftegeburt.ch\/shop\/wp-content\/uploads\/2025\/05\/wirkung-tiefenentspannung4.jpg 623w, https:\/\/sanftegeburt.ch\/shop\/wp-content\/uploads\/2025\/05\/wirkung-tiefenentspannung4-300x277.jpg 300w, https:\/\/sanftegeburt.ch\/shop\/wp-content\/uploads\/2025\/05\/wirkung-tiefenentspannung4-600x555.jpg 600w\" sizes=\"(max-width: 623px) 100vw, 623px\" \/>\t\t\t\t\t\t\t\t\t\t\t\t\t\t\t<\/div>\n\t\t\t\t<\/div>\n\t\t\t\t<\/div>\n\t\t\t\t<\/div>\n\t\t\t\t<div class=\"elementor-element elementor-element-281b4d0 elementor-widget elementor-widget-text-editor\" data-id=\"281b4d0\" data-element_type=\"widget\" data-e-type=\"widget\" data-widget_type=\"text-editor.default\">\n\t\t\t\t<div class=\"elementor-widget-container\">\n\t\t\t\t\t\t\t\t\t<p>Auf diese Weise \u201clernt\u201d das Gehirn wie du dich in der Zukunft und in bestimmten Situationen verhalten m\u00f6chtest und kann das entsprechend abrufen.<\/p><p>Die Verwirklichung der neuen, positiven Verhaltensweisen geschieht jedoch meist nicht von heute auf morgen. Sicher gibt es einige wenige Menschen, die bereits nach dem ersten Anh\u00f6ren eine sofortige Wirkung sp\u00fcren.<\/p><p>In der Regel aber ben\u00f6tigt man schon mehrmaliges H\u00f6ren, um einen dauerhaften Erfolg zu erzielen.<\/p><p>Nat\u00fcrlich ist es von Vorteil, die Tiefenentspannungen so fr\u00fch wie m\u00f6glich in der Schwangerschaft zu nutzen. Besonders aber in den letzten 4-6 Wochen vor der Geburt sollten sie m\u00f6glichst h\u00e4ufig angeh\u00f6rt werden.<\/p>\t\t\t\t\t\t\t\t<\/div>\n\t\t\t\t<\/div>\n\t\t<div class=\"elementor-element elementor-element-5bfee35 e-con-full e-flex e-con e-child\" data-id=\"5bfee35\" data-element_type=\"container\" data-e-type=\"container\" data-settings=\"{&quot;background_background&quot;:&quot;classic&quot;}\">\n\t\t\t\t<div class=\"elementor-element elementor-element-77256e1 elementor-widget elementor-widget-heading\" data-id=\"77256e1\" data-element_type=\"widget\" data-e-type=\"widget\" data-widget_type=\"heading.default\">\n\t\t\t\t<div class=\"elementor-widget-container\">\n\t\t\t\t\t<h3 class=\"elementor-heading-title elementor-size-default\">Tipp<\/h3>\t\t\t\t<\/div>\n\t\t\t\t<\/div>\n\t\t\t\t<div class=\"elementor-element elementor-element-2b2e11e elementor-icon-list--layout-traditional elementor-list-item-link-full_width elementor-widget elementor-widget-icon-list\" data-id=\"2b2e11e\" data-element_type=\"widget\" data-e-type=\"widget\" data-widget_type=\"icon-list.default\">\n\t\t\t\t<div class=\"elementor-widget-container\">\n\t\t\t\t\t\t\t<ul class=\"elementor-icon-list-items\">\n\t\t\t\t\t\t\t<li class=\"elementor-icon-list-item\">\n\t\t\t\t\t\t\t\t\t\t\t<span class=\"elementor-icon-list-icon\">\n\t\t\t\t\t\t\t<i aria-hidden=\"true\" class=\" arrow_carrot-right_alt\"><\/i>\t\t\t\t\t\t<\/span>\n\t\t\t\t\t\t\t\t\t\t<span class=\"elementor-icon-list-text\">Mache ein Ritual daraus und du wirst schon bald merken, dass dir das Anh\u00f6ren der Audio-Tiefenentspannungen den erw\u00fcnschten Erfolg bringt.<\/span>\n\t\t\t\t\t\t\t\t\t<\/li>\n\t\t\t\t\t\t\t\t<li class=\"elementor-icon-list-item\">\n\t\t\t\t\t\t\t\t\t\t\t<span class=\"elementor-icon-list-icon\">\n\t\t\t\t\t\t\t<i aria-hidden=\"true\" class=\" arrow_carrot-right_alt\"><\/i>\t\t\t\t\t\t<\/span>\n\t\t\t\t\t\t\t\t\t\t<span class=\"elementor-icon-list-text\">Eine sehr angenehme M\u00f6glichkeit bietet zum Beispiel das Anh\u00f6ren \u00fcber Kopfh\u00f6rer vor dem Schlafengehen.<\/span>\n\t\t\t\t\t\t\t\t\t<\/li>\n\t\t\t\t\t\t<\/ul>\n\t\t\t\t\t\t<\/div>\n\t\t\t\t<\/div>\n\t\t\t\t<\/div>\n\t\t\t\t<div class=\"elementor-element elementor-element-dc64ce1 elementor-widget elementor-widget-text-editor\" data-id=\"dc64ce1\" data-element_type=\"widget\" data-e-type=\"widget\" data-widget_type=\"text-editor.default\">\n\t\t\t\t<div class=\"elementor-widget-container\">\n\t\t\t\t\t\t\t\t\t<p>Wir w\u00fcnschen dir ganz viel Freude und Erfolg mit unseren von Herzen hergestellten Audio-Flow-Erlebnissen.<\/p><p><strong>HERZlichst Heidi Heintz &amp; Urs Camenzind<\/strong><\/p>\t\t\t\t\t\t\t\t<\/div>\n\t\t\t\t<\/div>\n\t\t\t\t\t<\/div>\n\t\t\t\t<\/div>\n\t\t\t\t<\/div>\n\t\t","protected":false},"excerpt":{"rendered":"<p>Nutze die Kraftquelle deines Unterbewusstseins Unser Wahrnehmen, Denken und Handeln wird viel mehr als uns im Entferntesten bewusst ist, durch eine Macht gesteuert, die unser gesamtes Leben pr\u00e4gt: \u201edem Unterbewusstsein&#8220;. Jedem einzelnen von uns steht als bewusster Mensch vielleicht 6% des in Ihnen vorhandenen Wissens zur Verf\u00fcgung, deinem Unterbewusstsein jedoch zus\u00e4tzlich noch eine gewaltige Ressource [&hellip;]<\/p>\n","protected":false},"author":1,"featured_media":0,"parent":68,"menu_order":0,"comment_status":"closed","ping_status":"closed","template":"","meta":{"footnotes":""},"class_list":["post-74","page","type-page","status-publish","hentry"],"_links":{"self":[{"href":"https:\/\/sanftegeburt.ch\/shop\/wp-json\/wp\/v2\/pages\/74","targetHints":{"allow":["GET"]}}],"collection":[{"href":"https:\/\/sanftegeburt.ch\/shop\/wp-json\/wp\/v2\/pages"}],"about":[{"href":"https:\/\/sanftegeburt.ch\/shop\/wp-json\/wp\/v2\/types\/page"}],"author":[{"embeddable":true,"href":"https:\/\/sanftegeburt.ch\/shop\/wp-json\/wp\/v2\/users\/1"}],"replies":[{"embeddable":true,"href":"https:\/\/sanftegeburt.ch\/shop\/wp-json\/wp\/v2\/comments?post=74"}],"version-history":[{"count":0,"href":"https:\/\/sanftegeburt.ch\/shop\/wp-json\/wp\/v2\/pages\/74\/revisions"}],"up":[{"embeddable":true,"href":"https:\/\/sanftegeburt.ch\/shop\/wp-json\/wp\/v2\/pages\/68"}],"wp:attachment":[{"href":"https:\/\/sanftegeburt.ch\/shop\/wp-json\/wp\/v2\/media?parent=74"}],"curies":[{"name":"wp","href":"https:\/\/api.w.org\/{rel}","templated":true}]}}