{"id":80,"date":"2025-02-25T14:57:42","date_gmt":"2025-02-25T13:57:42","guid":{"rendered":"https:\/\/sanftegeburt.ch\/shop\/?page_id=80"},"modified":"2025-04-20T23:43:18","modified_gmt":"2025-04-20T21:43:18","slug":"allgemeine-shophinweise","status":"publish","type":"page","link":"https:\/\/sanftegeburt.ch\/shop\/gut-zu-wissen\/allgemeine-shophinweise\/","title":{"rendered":"Allgemeine Shophinweise"},"content":{"rendered":"\t\t<div data-elementor-type=\"wp-page\" data-elementor-id=\"80\" class=\"elementor elementor-80\" data-elementor-settings=\"{&quot;element_pack_global_tooltip_width&quot;:{&quot;unit&quot;:&quot;px&quot;,&quot;size&quot;:&quot;&quot;,&quot;sizes&quot;:[]},&quot;element_pack_global_tooltip_width_tablet_extra&quot;:{&quot;unit&quot;:&quot;px&quot;,&quot;size&quot;:&quot;&quot;,&quot;sizes&quot;:[]},&quot;element_pack_global_tooltip_width_tablet&quot;:{&quot;unit&quot;:&quot;px&quot;,&quot;size&quot;:&quot;&quot;,&quot;sizes&quot;:[]},&quot;element_pack_global_tooltip_width_mobile&quot;:{&quot;unit&quot;:&quot;px&quot;,&quot;size&quot;:&quot;&quot;,&quot;sizes&quot;:[]},&quot;element_pack_global_tooltip_padding&quot;:{&quot;unit&quot;:&quot;px&quot;,&quot;top&quot;:&quot;&quot;,&quot;right&quot;:&quot;&quot;,&quot;bottom&quot;:&quot;&quot;,&quot;left&quot;:&quot;&quot;,&quot;isLinked&quot;:true},&quot;element_pack_global_tooltip_padding_tablet_extra&quot;:{&quot;unit&quot;:&quot;px&quot;,&quot;top&quot;:&quot;&quot;,&quot;right&quot;:&quot;&quot;,&quot;bottom&quot;:&quot;&quot;,&quot;left&quot;:&quot;&quot;,&quot;isLinked&quot;:true},&quot;element_pack_global_tooltip_padding_tablet&quot;:{&quot;unit&quot;:&quot;px&quot;,&quot;top&quot;:&quot;&quot;,&quot;right&quot;:&quot;&quot;,&quot;bottom&quot;:&quot;&quot;,&quot;left&quot;:&quot;&quot;,&quot;isLinked&quot;:true},&quot;element_pack_global_tooltip_padding_mobile&quot;:{&quot;unit&quot;:&quot;px&quot;,&quot;top&quot;:&quot;&quot;,&quot;right&quot;:&quot;&quot;,&quot;bottom&quot;:&quot;&quot;,&quot;left&quot;:&quot;&quot;,&quot;isLinked&quot;:true},&quot;element_pack_global_tooltip_border_radius&quot;:{&quot;unit&quot;:&quot;px&quot;,&quot;top&quot;:&quot;&quot;,&quot;right&quot;:&quot;&quot;,&quot;bottom&quot;:&quot;&quot;,&quot;left&quot;:&quot;&quot;,&quot;isLinked&quot;:true},&quot;element_pack_global_tooltip_border_radius_tablet_extra&quot;:{&quot;unit&quot;:&quot;px&quot;,&quot;top&quot;:&quot;&quot;,&quot;right&quot;:&quot;&quot;,&quot;bottom&quot;:&quot;&quot;,&quot;left&quot;:&quot;&quot;,&quot;isLinked&quot;:true},&quot;element_pack_global_tooltip_border_radius_tablet&quot;:{&quot;unit&quot;:&quot;px&quot;,&quot;top&quot;:&quot;&quot;,&quot;right&quot;:&quot;&quot;,&quot;bottom&quot;:&quot;&quot;,&quot;left&quot;:&quot;&quot;,&quot;isLinked&quot;:true},&quot;element_pack_global_tooltip_border_radius_mobile&quot;:{&quot;unit&quot;:&quot;px&quot;,&quot;top&quot;:&quot;&quot;,&quot;right&quot;:&quot;&quot;,&quot;bottom&quot;:&quot;&quot;,&quot;left&quot;:&quot;&quot;,&quot;isLinked&quot;:true}}\" data-elementor-post-type=\"page\">\n\t\t\t\t<div class=\"elementor-element elementor-element-fc6950c e-flex e-con-boxed e-con e-parent\" data-id=\"fc6950c\" data-element_type=\"container\" data-e-type=\"container\">\n\t\t\t\t\t<div class=\"e-con-inner\">\n\t\t\t\t<div class=\"elementor-element elementor-element-100d523 elementor-widget elementor-widget-text-editor\" data-id=\"100d523\" data-element_type=\"widget\" data-e-type=\"widget\" data-widget_type=\"text-editor.default\">\n\t\t\t\t<div class=\"elementor-widget-container\">\n\t\t\t\t\t\t\t\t\t<h2 class=\"untertitel\">Was ist ein MP3-Download?<\/h2><p class=\"\" data-start=\"42\" data-end=\"417\">Der MP3-Download ist eine &#8222;digitale Lieferung&#8220; ausgew\u00e4hlter Tiefenentspannungen und Subliminals, die du direkt nach der Bestellung als Sofort-Download im MP3-Format auf deinen Computer herunterladen kannst. Dieser Vorgang ist einfach, sicher und schnell \u2013 auch wenn du so etwas noch nie gemacht hast. Mithilfe der Anweisungen wirst du m\u00fchelos durch den Bestellablauf gef\u00fchrt.<\/p><p class=\"\" data-start=\"419\" data-end=\"514\">So kannst du schnellstm\u00f6glich mit deiner ganz pers\u00f6nlichen Tiefenentspannungs-Sitzung beginnen.<\/p><p class=\"\" data-start=\"516\" data-end=\"707\">Nat\u00fcrlich darfst du deine gekauften Audio-Flow-Erlebnisse im MP3-Format auf einen MP3-Player kopieren oder auf ein beliebiges anderes Ger\u00e4t \u00fcbertragen und dort abspielen.<\/p><h2 class=\"untertitel\">Wellen statt Wehen<\/h2><p>F\u00fcr das Wort \u201eWehen\u201c benutzen wir in unseren gesprochenen Audio-Flow-Erlebnissen\u00a0stets das Wort \u201eWellen\u201c. Weil wir die W\u00f6rter, die \u201eSchmerz\u201c assoziieren, durch positive W\u00f6rter ersetzen. In Wirklichkeit sind \u201eWehen\u201c ja auch wie \u201eWellen\u201c zu erleben, da sich Anspannung und Entspannung von Natur aus abwechseln.<\/p><h2 class=\"untertitel\">Lang- und Kurzversion<\/h2><p>Viele Audio-Flow-Erlebnisse gibt es in 3 Formen:<\/p><ul class=\"liste_schlicht\"><li>Gesprochene Langversion<\/li><li>Gesprochene Kurzversion<\/li><li>Subliminal-Version<\/li><\/ul><p>Subliminals sind Audio-Flow-Erlebnisse mit Entspannungsmusik und akustisch nicht wahrnehmbaren positiven Leits\u00e4tzen (Subliminal-Suggestionen)<\/p><p>Diese bew\u00e4hrte Kombination ist von uns ganz bewusst hergestellt worden. Dadurch k\u00f6nnen Sie h\u00f6chstm\u00f6glichen H\u00f6rkomfort geniessen und optimalen Erfolg erreichen.<\/p><p>Die Langversion sollte vor allem anfangs geh\u00f6rt werden. Danach wechseln Sie zur kompakten Kurzversion. Die Subliminals sind mit derselben Musik aufgenommen, wie die Lang- und Kurzversion. Dadurch entsteht die optimale Verkn\u00fcpfung und Vertiefung in Ihrem Unterbewusstsein.<\/p><h2 class=\"untertitel\">Zwei Stimmen zur Auswahl<\/h2><p>Einige Audio-Flow-Erlebnisse von SanfteGeburt\u00ae werden sowohl von einer m\u00e4nnlichen (Urs Camenzind) als auch von einer weiblichen (Heidi Heintz) Sprecherstimme gesprochen. Wir haben keinen Aufwand gescheut, damit du die f\u00fcr dich passende Stimme genie\u00dfen kannst.<\/p><p><strong>Wenn vorhanden, werden beide Sprecher-Varianten im Download mitgeliefert. Du kannst ganz bequem zu Hause ausw\u00e4hlen, wen du bevorzugt anh\u00f6ren m\u00f6chtest.<\/strong><\/p><p class=\"untertitel\"><strong>Bitte beachte:<\/strong><\/p><ul class=\"liste_schlicht\"><li>W\u00e4hrend du einer T\u00e4tigkeit nachgehst, die deine volle Aufmerksamkeit erfordert (z.\u202fB. Autofahren), solltest du keine Tiefenentspannungen anh\u00f6ren. In solchen Momenten sind Subliminals die bessere Wahl.<\/li><li>Audio-Flow-Erlebnisse ersetzen nicht die Beratung oder Medikation durch einen Arzt oder eine Geburtshelferin bzw. einen Geburtshelfer. Wenn du Gesundheitsprobleme ungekl\u00e4rter Ursache hast oder unter psychischen Erkrankungen leidest, konsultiere bitte umgehend einen Arzt.<\/li><\/ul><p class=\"untertitel\"><strong>Bei Fragen und Unklarheiten<\/strong><\/p><p class=\"\" data-start=\"41\" data-end=\"243\">Wenn du Fragen hast, welche Audio-Flow-Erlebnisse gerade zu deiner Schwangerschaftswoche passen oder dich andere Unklarheiten besch\u00e4ftigen, dann kontaktiere uns gerne. Wir geben dir sehr gerne Auskunft.<\/p><p class=\"\" data-start=\"245\" data-end=\"333\">Wir w\u00fcnschen dir viel Freude, Entspannung und Erfolg mit unseren Audio-Flow-Erlebnissen.<\/p><p class=\"\" data-start=\"335\" data-end=\"410\"><strong>Mit herzlich entspannten Gr\u00fc\u00dfen<\/strong><br data-start=\"366\" data-end=\"369\" \/><strong>Deine Heidi Heintz und dein Urs Camenzind<\/strong><\/p>\t\t\t\t\t\t\t\t<\/div>\n\t\t\t\t<\/div>\n\t\t\t\t\t<\/div>\n\t\t\t\t<\/div>\n\t\t\t\t<\/div>\n\t\t","protected":false},"excerpt":{"rendered":"<p>Was ist ein MP3-Download? Der MP3-Download ist eine &#8222;digitale Lieferung&#8220; ausgew\u00e4hlter Tiefenentspannungen und Subliminals, die du direkt nach der Bestellung als Sofort-Download im MP3-Format auf deinen Computer herunterladen kannst. Dieser Vorgang ist einfach, sicher und schnell \u2013 auch wenn du so etwas noch nie gemacht hast. Mithilfe der Anweisungen wirst du m\u00fchelos durch den Bestellablauf [&hellip;]<\/p>\n","protected":false},"author":1,"featured_media":0,"parent":68,"menu_order":0,"comment_status":"closed","ping_status":"closed","template":"","meta":{"footnotes":""},"class_list":["post-80","page","type-page","status-publish","hentry"],"_links":{"self":[{"href":"https:\/\/sanftegeburt.ch\/shop\/wp-json\/wp\/v2\/pages\/80","targetHints":{"allow":["GET"]}}],"collection":[{"href":"https:\/\/sanftegeburt.ch\/shop\/wp-json\/wp\/v2\/pages"}],"about":[{"href":"https:\/\/sanftegeburt.ch\/shop\/wp-json\/wp\/v2\/types\/page"}],"author":[{"embeddable":true,"href":"https:\/\/sanftegeburt.ch\/shop\/wp-json\/wp\/v2\/users\/1"}],"replies":[{"embeddable":true,"href":"https:\/\/sanftegeburt.ch\/shop\/wp-json\/wp\/v2\/comments?post=80"}],"version-history":[{"count":0,"href":"https:\/\/sanftegeburt.ch\/shop\/wp-json\/wp\/v2\/pages\/80\/revisions"}],"up":[{"embeddable":true,"href":"https:\/\/sanftegeburt.ch\/shop\/wp-json\/wp\/v2\/pages\/68"}],"wp:attachment":[{"href":"https:\/\/sanftegeburt.ch\/shop\/wp-json\/wp\/v2\/media?parent=80"}],"curies":[{"name":"wp","href":"https:\/\/api.w.org\/{rel}","templated":true}]}}