{"id":830,"date":"2025-03-22T10:29:56","date_gmt":"2025-03-22T09:29:56","guid":{"rendered":"https:\/\/sanftegeburt.ch\/shop\/impressum\/"},"modified":"2025-04-10T18:09:38","modified_gmt":"2025-04-10T16:09:38","slug":"impressum","status":"publish","type":"page","link":"https:\/\/sanftegeburt.ch\/shop\/impressum\/","title":{"rendered":"Impressum"},"content":{"rendered":"\t\t<div data-elementor-type=\"wp-page\" data-elementor-id=\"830\" class=\"elementor elementor-830\" data-elementor-settings=\"{&quot;element_pack_global_tooltip_width&quot;:{&quot;unit&quot;:&quot;px&quot;,&quot;size&quot;:&quot;&quot;,&quot;sizes&quot;:[]},&quot;element_pack_global_tooltip_width_tablet_extra&quot;:{&quot;unit&quot;:&quot;px&quot;,&quot;size&quot;:&quot;&quot;,&quot;sizes&quot;:[]},&quot;element_pack_global_tooltip_width_tablet&quot;:{&quot;unit&quot;:&quot;px&quot;,&quot;size&quot;:&quot;&quot;,&quot;sizes&quot;:[]},&quot;element_pack_global_tooltip_width_mobile&quot;:{&quot;unit&quot;:&quot;px&quot;,&quot;size&quot;:&quot;&quot;,&quot;sizes&quot;:[]},&quot;element_pack_global_tooltip_padding&quot;:{&quot;unit&quot;:&quot;px&quot;,&quot;top&quot;:&quot;&quot;,&quot;right&quot;:&quot;&quot;,&quot;bottom&quot;:&quot;&quot;,&quot;left&quot;:&quot;&quot;,&quot;isLinked&quot;:true},&quot;element_pack_global_tooltip_padding_tablet_extra&quot;:{&quot;unit&quot;:&quot;px&quot;,&quot;top&quot;:&quot;&quot;,&quot;right&quot;:&quot;&quot;,&quot;bottom&quot;:&quot;&quot;,&quot;left&quot;:&quot;&quot;,&quot;isLinked&quot;:true},&quot;element_pack_global_tooltip_padding_tablet&quot;:{&quot;unit&quot;:&quot;px&quot;,&quot;top&quot;:&quot;&quot;,&quot;right&quot;:&quot;&quot;,&quot;bottom&quot;:&quot;&quot;,&quot;left&quot;:&quot;&quot;,&quot;isLinked&quot;:true},&quot;element_pack_global_tooltip_padding_mobile&quot;:{&quot;unit&quot;:&quot;px&quot;,&quot;top&quot;:&quot;&quot;,&quot;right&quot;:&quot;&quot;,&quot;bottom&quot;:&quot;&quot;,&quot;left&quot;:&quot;&quot;,&quot;isLinked&quot;:true},&quot;element_pack_global_tooltip_border_radius&quot;:{&quot;unit&quot;:&quot;px&quot;,&quot;top&quot;:&quot;&quot;,&quot;right&quot;:&quot;&quot;,&quot;bottom&quot;:&quot;&quot;,&quot;left&quot;:&quot;&quot;,&quot;isLinked&quot;:true},&quot;element_pack_global_tooltip_border_radius_tablet_extra&quot;:{&quot;unit&quot;:&quot;px&quot;,&quot;top&quot;:&quot;&quot;,&quot;right&quot;:&quot;&quot;,&quot;bottom&quot;:&quot;&quot;,&quot;left&quot;:&quot;&quot;,&quot;isLinked&quot;:true},&quot;element_pack_global_tooltip_border_radius_tablet&quot;:{&quot;unit&quot;:&quot;px&quot;,&quot;top&quot;:&quot;&quot;,&quot;right&quot;:&quot;&quot;,&quot;bottom&quot;:&quot;&quot;,&quot;left&quot;:&quot;&quot;,&quot;isLinked&quot;:true},&quot;element_pack_global_tooltip_border_radius_mobile&quot;:{&quot;unit&quot;:&quot;px&quot;,&quot;top&quot;:&quot;&quot;,&quot;right&quot;:&quot;&quot;,&quot;bottom&quot;:&quot;&quot;,&quot;left&quot;:&quot;&quot;,&quot;isLinked&quot;:true}}\" data-elementor-post-type=\"page\">\n\t\t\t\t<div class=\"elementor-element elementor-element-695b2f44 e-flex e-con-boxed e-con e-parent\" data-id=\"695b2f44\" data-element_type=\"container\" data-e-type=\"container\">\n\t\t\t\t\t<div class=\"e-con-inner\">\n\t\t\t\t<div class=\"elementor-element elementor-element-3885567 elementor-widget elementor-widget-text-editor\" data-id=\"3885567\" data-element_type=\"widget\" data-e-type=\"widget\" data-widget_type=\"text-editor.default\">\n\t\t\t\t<div class=\"elementor-widget-container\">\n\t\t\t\t\t\t\t\t\t<h3 class=\"wp-block-heading\">Kontakt:<\/h3><p>BewusstSein GmbH<br \/>SanfteGeburt\u00ae<br \/>Langackerstrasse 29<br \/>CH-6330 Cham (Kanton Zug)<br \/>Telefon: +41 (0) 41 780 18 10<br \/>E-Mail:\u00a0<a href=\"mailto:info@sanftegeburt.ch\">info@sanftegeburt.ch<\/a><\/p><h3 class=\"wp-block-heading\">Registereintrag:<\/h3><p>Eintragung im Handelsregister.\u00a0<br \/>Registergericht: Amtsgericht Kanton Zug\/Schweiz<br \/>Registernummer: CHE-347.068.751<br \/>Umsatzsteuer:<br \/>Umsatzsteuer-Identifikationsnummer gem\u00e4\u00df Umsatzsteuergesetz: CHE-347.068.751<\/p><h3 class=\"wp-block-heading\">Angaben zur Berufshaftpflichtversicherung<\/h3><p>Name und Sitz des Versicherers:<\/p><p>Schweizerische Mobiliar Versicherungsgesellschaft AG\u00a0<br \/>Naturheilpraktiker \u2013 Lebensberatung \u2013 Geburtsvorbereitung<br \/>Bundesgasse 35<\/p><p>Geltungsraum der Versicherung: Schweiz<br \/>Verantwortlich f\u00fcr den Inhalt:<\/p><p>BewusstSein GmbH<br \/>SanfteGeburt\u00ae<br \/>Langackerstrasse 29<br \/>CH-6330 Cham (Kanton Zug)<\/p><h3 class=\"wp-block-heading\">Streitschlichtung<\/h3><p>Wir sind nicht bereit oder verpflichtet, an Streitbeilegungsverfahren vor einer Verbraucherschlichtungsstelle teilzunehmen.<\/p><hr class=\"wp-block-separator has-alpha-channel-opacity\" \/><h3 class=\"wp-block-heading\">Seiteninhalte<\/h3><p>Unsere Webseiten haben wir mit gr\u00f6sster Sorgfalt zusammengestellt. Dennoch k\u00f6nnen wir f\u00fcr die Richtigkeit und Vollst\u00e4ndigkeit der Angaben keine Haftung \u00fcbernehmen.<\/p><h3 class=\"wp-block-heading\">Hyperlinks<\/h3><p>Aufgef\u00fchrte Hyperlinks auf externe Seiten die unter unserer Verantwortung liegen sind www.sanftegeburt.ch. F\u00fcr alle anderen externen Links gilt, das die Genauigkeit und Richtigkeit der dort aufgef\u00fchrten Informationen von uns nicht \u00fcberpr\u00fcft werden. F\u00fcr Sch\u00e4den, die aus der Verwendung dieser Informationen entstehen, \u00fcbernehmen wir keine Haftung.<\/p><h3 class=\"wp-block-heading\">Copyright<\/h3><p>S\u00e4mtliche Rechte an den angebotenen Inhalten bleiben vorbehalten, soweit nachfolgend nichts anderes bestimmt ist. Die Nutzer unserer Webseiten haben das Recht, die Informationen unserer Webseiten zur Kenntnis zu nehmen, Informationen zum privaten Gebrauch herunterzuladen und auszudrucken. Jegliche dar\u00fcber hinausgehende Nutzung, insbesondere die Wiedergabe, Vervielf\u00e4ltigung oder sonstige Nutzung der Inhalte der Webseiten ist \u2013 ungeachtet der zum Einsatz kommenden Vorgehensweise \u2013 ohne vorherige schriftliche Genehmigung der BewusstSein GmbH unzul\u00e4ssig und rechtswidrig.<\/p><h3 class=\"wp-block-heading\">Haftung f\u00fcr Inhalte<\/h3><p>Als Diensteanbieter sind wir gem\u00e4\u00df \u00a7 7 Abs.1 TMG f\u00fcr eigene Inhalte auf diesen Seiten nach den allgemeinen Gesetzen verantwortlich. Nach \u00a7\u00a7 8 bis 10 TMG sind wir als Diensteanbieter jedoch nicht verpflichtet, \u00fcbermittelte oder gespeicherte fremde Informationen zu \u00fcberwachen oder nach Umst\u00e4nden zu forschen, die auf eine rechtswidrige T\u00e4tigkeit hinweisen.<\/p><p>Verpflichtungen zur Entfernung oder Sperrung der Nutzung von Informationen nach den allgemeinen Gesetzen bleiben hiervon unber\u00fchrt. Eine diesbez\u00fcgliche Haftung ist jedoch erst ab dem Zeitpunkt der Kenntnis einer konkreten Rechtsverletzung m\u00f6glich. Bei Bekanntwerden von entsprechenden Rechtsverletzungen werden wir diese Inhalte umgehend entfernen.<\/p><h3 class=\"wp-block-heading\">Haftung f\u00fcr Links<\/h3><p>Unser Angebot enth\u00e4lt Links zu externen Websites Dritter, auf deren Inhalte wir keinen Einfluss haben. Deshalb k\u00f6nnen wir f\u00fcr diese fremden Inhalte auch keine Gew\u00e4hr \u00fcbernehmen. F\u00fcr die Inhalte der verlinkten Seiten ist stets der jeweilige Anbieter oder Betreiber der Seiten verantwortlich. Die verlinkten Seiten wurden zum Zeitpunkt der Verlinkung auf m\u00f6gliche Rechtsverst\u00f6\u00dfe \u00fcberpr\u00fcft. Rechtswidrige Inhalte waren zum Zeitpunkt der Verlinkung nicht erkennbar.<\/p><p>Eine permanente inhaltliche Kontrolle der verlinkten Seiten ist jedoch ohne konkrete Anhaltspunkte einer Rechtsverletzung nicht zumutbar. Bei Bekanntwerden von Rechtsverletzungen werden wir derartige Links umgehend entfernen.<\/p><h3 class=\"wp-block-heading\">Urheberrecht<\/h3><p>Die durch die Seitenbetreiber erstellten Inhalte und Werke auf diesen Seiten unterliegen dem schweizer und deutschen Urheberrecht. Die Vervielf\u00e4ltigung, Bearbeitung, Verbreitung und jede Art der Verwertung au\u00dferhalb der Grenzen des Urheberrechtes bed\u00fcrfen der schriftlichen Zustimmung des jeweiligen Autors bzw. Erstellers. Downloads und Kopien dieser Seite sind nur f\u00fcr den privaten, nicht kommerziellen Gebrauch gestattet.<\/p><p>Soweit die Inhalte auf dieser Seite nicht vom Betreiber erstellt wurden, werden die Urheberrechte Dritter beachtet. Insbesondere werden Inhalte Dritter als solche gekennzeichnet. Sollten Sie trotzdem auf eine Urheberrechtsverletzung aufmerksam werden, bitten wir um einen entsprechenden Hinweis. Bei Bekanntwerden von Rechtsverletzungen werden wir derartige Inhalte umgehend entfernen.<\/p>\t\t\t\t\t\t\t\t<\/div>\n\t\t\t\t<\/div>\n\t\t\t\t\t<\/div>\n\t\t\t\t<\/div>\n\t\t\t\t<\/div>\n\t\t","protected":false},"excerpt":{"rendered":"<p>Kontakt: BewusstSein GmbHSanfteGeburt\u00aeLangackerstrasse 29CH-6330 Cham (Kanton Zug)Telefon: +41 (0) 41 780 18 10E-Mail:\u00a0info@sanftegeburt.ch Registereintrag: Eintragung im Handelsregister.\u00a0Registergericht: Amtsgericht Kanton Zug\/SchweizRegisternummer: CHE-347.068.751Umsatzsteuer:Umsatzsteuer-Identifikationsnummer gem\u00e4\u00df Umsatzsteuergesetz: CHE-347.068.751 Angaben zur Berufshaftpflichtversicherung Name und Sitz des Versicherers: Schweizerische Mobiliar Versicherungsgesellschaft AG\u00a0Naturheilpraktiker \u2013 Lebensberatung \u2013 GeburtsvorbereitungBundesgasse 35 Geltungsraum der Versicherung: SchweizVerantwortlich f\u00fcr den Inhalt: BewusstSein GmbHSanfteGeburt\u00aeLangackerstrasse 29CH-6330 Cham (Kanton Zug) Streitschlichtung [&hellip;]<\/p>\n","protected":false},"author":1,"featured_media":0,"parent":0,"menu_order":0,"comment_status":"closed","ping_status":"closed","template":"","meta":{"footnotes":""},"class_list":["post-830","page","type-page","status-publish","hentry"],"_links":{"self":[{"href":"https:\/\/sanftegeburt.ch\/shop\/wp-json\/wp\/v2\/pages\/830","targetHints":{"allow":["GET"]}}],"collection":[{"href":"https:\/\/sanftegeburt.ch\/shop\/wp-json\/wp\/v2\/pages"}],"about":[{"href":"https:\/\/sanftegeburt.ch\/shop\/wp-json\/wp\/v2\/types\/page"}],"author":[{"embeddable":true,"href":"https:\/\/sanftegeburt.ch\/shop\/wp-json\/wp\/v2\/users\/1"}],"replies":[{"embeddable":true,"href":"https:\/\/sanftegeburt.ch\/shop\/wp-json\/wp\/v2\/comments?post=830"}],"version-history":[{"count":0,"href":"https:\/\/sanftegeburt.ch\/shop\/wp-json\/wp\/v2\/pages\/830\/revisions"}],"wp:attachment":[{"href":"https:\/\/sanftegeburt.ch\/shop\/wp-json\/wp\/v2\/media?parent=830"}],"curies":[{"name":"wp","href":"https:\/\/api.w.org\/{rel}","templated":true}]}}