{"id":84,"date":"2025-02-25T16:06:19","date_gmt":"2025-02-25T15:06:19","guid":{"rendered":"https:\/\/sanftegeburt.ch\/shop\/?page_id=84"},"modified":"2026-02-12T15:00:59","modified_gmt":"2026-02-12T14:00:59","slug":"ueber-uns","status":"publish","type":"page","link":"https:\/\/sanftegeburt.ch\/shop\/ueber-uns\/","title":{"rendered":"\u00dcber uns"},"content":{"rendered":"\t\t<div data-elementor-type=\"wp-page\" data-elementor-id=\"84\" class=\"elementor elementor-84\" data-elementor-settings=\"{&quot;element_pack_global_tooltip_width&quot;:{&quot;unit&quot;:&quot;px&quot;,&quot;size&quot;:&quot;&quot;,&quot;sizes&quot;:[]},&quot;element_pack_global_tooltip_width_tablet_extra&quot;:{&quot;unit&quot;:&quot;px&quot;,&quot;size&quot;:&quot;&quot;,&quot;sizes&quot;:[]},&quot;element_pack_global_tooltip_width_tablet&quot;:{&quot;unit&quot;:&quot;px&quot;,&quot;size&quot;:&quot;&quot;,&quot;sizes&quot;:[]},&quot;element_pack_global_tooltip_width_mobile&quot;:{&quot;unit&quot;:&quot;px&quot;,&quot;size&quot;:&quot;&quot;,&quot;sizes&quot;:[]},&quot;element_pack_global_tooltip_padding&quot;:{&quot;unit&quot;:&quot;px&quot;,&quot;top&quot;:&quot;&quot;,&quot;right&quot;:&quot;&quot;,&quot;bottom&quot;:&quot;&quot;,&quot;left&quot;:&quot;&quot;,&quot;isLinked&quot;:true},&quot;element_pack_global_tooltip_padding_tablet_extra&quot;:{&quot;unit&quot;:&quot;px&quot;,&quot;top&quot;:&quot;&quot;,&quot;right&quot;:&quot;&quot;,&quot;bottom&quot;:&quot;&quot;,&quot;left&quot;:&quot;&quot;,&quot;isLinked&quot;:true},&quot;element_pack_global_tooltip_padding_tablet&quot;:{&quot;unit&quot;:&quot;px&quot;,&quot;top&quot;:&quot;&quot;,&quot;right&quot;:&quot;&quot;,&quot;bottom&quot;:&quot;&quot;,&quot;left&quot;:&quot;&quot;,&quot;isLinked&quot;:true},&quot;element_pack_global_tooltip_padding_mobile&quot;:{&quot;unit&quot;:&quot;px&quot;,&quot;top&quot;:&quot;&quot;,&quot;right&quot;:&quot;&quot;,&quot;bottom&quot;:&quot;&quot;,&quot;left&quot;:&quot;&quot;,&quot;isLinked&quot;:true},&quot;element_pack_global_tooltip_border_radius&quot;:{&quot;unit&quot;:&quot;px&quot;,&quot;top&quot;:&quot;&quot;,&quot;right&quot;:&quot;&quot;,&quot;bottom&quot;:&quot;&quot;,&quot;left&quot;:&quot;&quot;,&quot;isLinked&quot;:true},&quot;element_pack_global_tooltip_border_radius_tablet_extra&quot;:{&quot;unit&quot;:&quot;px&quot;,&quot;top&quot;:&quot;&quot;,&quot;right&quot;:&quot;&quot;,&quot;bottom&quot;:&quot;&quot;,&quot;left&quot;:&quot;&quot;,&quot;isLinked&quot;:true},&quot;element_pack_global_tooltip_border_radius_tablet&quot;:{&quot;unit&quot;:&quot;px&quot;,&quot;top&quot;:&quot;&quot;,&quot;right&quot;:&quot;&quot;,&quot;bottom&quot;:&quot;&quot;,&quot;left&quot;:&quot;&quot;,&quot;isLinked&quot;:true},&quot;element_pack_global_tooltip_border_radius_mobile&quot;:{&quot;unit&quot;:&quot;px&quot;,&quot;top&quot;:&quot;&quot;,&quot;right&quot;:&quot;&quot;,&quot;bottom&quot;:&quot;&quot;,&quot;left&quot;:&quot;&quot;,&quot;isLinked&quot;:true}}\" data-elementor-post-type=\"page\">\n\t\t\t\t<div class=\"elementor-element elementor-element-babae8a e-flex e-con-boxed e-con e-parent\" data-id=\"babae8a\" data-element_type=\"container\" data-e-type=\"container\">\n\t\t\t\t\t<div class=\"e-con-inner\">\n\t\t\t\t<div class=\"elementor-element elementor-element-4d09947 elementor-position-left elementor-position-left elementor-vertical-align-top elementor-widget elementor-widget-image-box\" data-id=\"4d09947\" data-element_type=\"widget\" data-e-type=\"widget\" data-widget_type=\"image-box.default\">\n\t\t\t\t<div class=\"elementor-widget-container\">\n\t\t\t\t\t<div class=\"elementor-image-box-wrapper\"><figure class=\"elementor-image-box-img\"><img fetchpriority=\"high\" decoding=\"async\" width=\"667\" height=\"588\" src=\"https:\/\/sanftegeburt.ch\/shop\/wp-content\/uploads\/2025\/04\/urs_camenzind.jpg\" class=\"attachment-full size-full wp-image-2033\" alt=\"\" srcset=\"https:\/\/sanftegeburt.ch\/shop\/wp-content\/uploads\/2025\/04\/urs_camenzind.jpg 667w, https:\/\/sanftegeburt.ch\/shop\/wp-content\/uploads\/2025\/04\/urs_camenzind-300x264.jpg 300w, https:\/\/sanftegeburt.ch\/shop\/wp-content\/uploads\/2025\/04\/urs_camenzind-600x529.jpg 600w\" sizes=\"(max-width: 667px) 100vw, 667px\" \/><\/figure><div class=\"elementor-image-box-content\"><h2 class=\"elementor-image-box-title\">Urs Camenzind<\/h2><p class=\"elementor-image-box-description\"><i>Begr\u00fcnder und Kursleiter der SanfteGeburt\u00ae Methode, Geburtsvorbereiter, Trauma-Coach und Gesundheitsberater und ganzheitlicher Bewusstseins-Trainer<\/i><br><br>\n\nLiebe werdende Eltern,\nals Geburtsvorbereiter, Trauma-Coach und Gesundheitsberater und Bewusstseins-Trainer habe ich im Jahr 2006 gemeinsam mit einem Team von Experten den ganzheitlichen Geburtsvorbereitungskurs SanfteGeburt\u00ae entwickelt.<br><br>\nDabei haben wir 6 Schl\u00fcsselfaktoren f\u00fcr eine sichere und entspannte Geburt entdeckt und daraus ein weltweit einzigartiges 6-Schritte-Programm erstellt.<br>\nIch glaube fest daran, dass Frauen den perfekten K\u00f6rper haben, um ihr Kind in 99% aller F\u00e4lle auf nat\u00fcrliche und z\u00fcgige Weise zu geb\u00e4ren \u2013 ohne \u00fcberfl\u00fcssige Schmerzen.<br>\nWeit \u00fcber 30\u2019000 werdende Eltern haben bereits von unserem Programm profitiert. <br><br>Ich freue mich darauf, auch dir und deinem Partner dabei zu helfen, eine positive und unvergesslich sch\u00f6ne Geburt zu erleben.<\/p><\/div><\/div>\t\t\t\t<\/div>\n\t\t\t\t<\/div>\n\t\t<div class=\"elementor-element elementor-element-1d2f91f e-con-full e-flex e-con e-child\" data-id=\"1d2f91f\" data-element_type=\"container\" data-e-type=\"container\" data-settings=\"{&quot;background_background&quot;:&quot;classic&quot;}\">\n\t\t\t\t<div class=\"elementor-element elementor-element-78cdaa5 elementor-widget elementor-widget-heading\" data-id=\"78cdaa5\" data-element_type=\"widget\" data-e-type=\"widget\" data-widget_type=\"heading.default\">\n\t\t\t\t<div class=\"elementor-widget-container\">\n\t\t\t\t\t<div class=\"elementor-heading-title elementor-size-default\">\u201eWer sagt, es gibt sieben Wunder auf dieser Welt,\nhat noch nie die Geburt eines Kindes erlebt.\nWer sagt, Reichtum ist alles,\nhat nie ein Kind l\u00e4cheln gesehen.\nWer sagt, diese Welt sei nicht mehr zu retten,\nhat vergessen, dass Kinder Hoffnung bedeuten.\u201c<\/div>\t\t\t\t<\/div>\n\t\t\t\t<\/div>\n\t\t\t\t<div class=\"elementor-element elementor-element-0d03e63 elementor-widget elementor-widget-heading\" data-id=\"0d03e63\" data-element_type=\"widget\" data-e-type=\"widget\" data-widget_type=\"heading.default\">\n\t\t\t\t<div class=\"elementor-widget-container\">\n\t\t\t\t\t<div class=\"elementor-heading-title elementor-size-default\">Unbekannt<\/div>\t\t\t\t<\/div>\n\t\t\t\t<\/div>\n\t\t\t\t<\/div>\n\t\t<div class=\"elementor-element elementor-element-972b65f e-con-full e-flex e-con e-child\" data-id=\"972b65f\" data-element_type=\"container\" data-e-type=\"container\">\n\t\t<div class=\"elementor-element elementor-element-3304927 e-con-full e-flex e-con e-child\" data-id=\"3304927\" data-element_type=\"container\" data-e-type=\"container\">\n\t\t\t\t<div class=\"elementor-element elementor-element-dda0495 elementor-widget elementor-widget-text-editor\" data-id=\"dda0495\" data-element_type=\"widget\" data-e-type=\"widget\" data-widget_type=\"text-editor.default\">\n\t\t\t\t<div class=\"elementor-widget-container\">\n\t\t\t\t\t\t\t\t\t<p>Hier findest du weitere Informationen \u00fcber unsere Berufung mit Menschen zu arbeiten:<\/p><p><a href=\"http:\/\/www.sanftegeburt.ch\/\" target=\"_blank\" rel=\"noreferrer noopener\">SanfteGeburt.ch<\/a><br \/><a href=\"https:\/\/sanftegeburt.com\" target=\"_blank\" rel=\"noopener\">SanfteGeburt.com<\/a><br \/><a href=\"http:\/\/geburtsvorbereitung.sanftegeburt.ch\/\" target=\"_blank\" rel=\"noreferrer noopener\">SanfteGeburt Blog<\/a><br \/><a href=\"http:\/\/www.lebensfreude.ch\/\" target=\"_blank\" rel=\"noreferrer noopener\">Lebensfreude.ch<\/a><br \/><a href=\"http:\/\/www.hypnosetherapeut.ch\/\" target=\"_blank\" rel=\"noreferrer noopener\">Hypnosetherapeut.ch<\/a><br \/><a href=\"http:\/\/www.massage-therapeut.ch\/\" target=\"_blank\" rel=\"noreferrer noopener\">Massage-Therapeut.ch<\/a><\/p>\t\t\t\t\t\t\t\t<\/div>\n\t\t\t\t<\/div>\n\t\t\t\t<\/div>\n\t\t<div class=\"elementor-element elementor-element-a97298a e-con-full e-flex e-con e-child\" data-id=\"a97298a\" data-element_type=\"container\" data-e-type=\"container\">\n\t\t\t\t<div class=\"elementor-element elementor-element-6b346a0 elementor-widget elementor-widget-image\" data-id=\"6b346a0\" data-element_type=\"widget\" data-e-type=\"widget\" data-widget_type=\"image.default\">\n\t\t\t\t<div class=\"elementor-widget-container\">\n\t\t\t\t\t\t\t\t\t\t\t\t\t\t\t\t<a href=\"https:\/\/sanftegeburt.com\/\" target=\"_blank\">\n\t\t\t\t\t\t\t<img decoding=\"async\" width=\"370\" height=\"370\" src=\"https:\/\/sanftegeburt.ch\/shop\/wp-content\/uploads\/2025\/04\/SG_guetesiegel_-transparent-1.png\" class=\"attachment-large size-large wp-image-2090\" alt=\"Sanfte Geburt Siegel\" srcset=\"https:\/\/sanftegeburt.ch\/shop\/wp-content\/uploads\/2025\/04\/SG_guetesiegel_-transparent-1.png 370w, https:\/\/sanftegeburt.ch\/shop\/wp-content\/uploads\/2025\/04\/SG_guetesiegel_-transparent-1-300x300.png 300w, https:\/\/sanftegeburt.ch\/shop\/wp-content\/uploads\/2025\/04\/SG_guetesiegel_-transparent-1-150x150.png 150w, https:\/\/sanftegeburt.ch\/shop\/wp-content\/uploads\/2025\/04\/SG_guetesiegel_-transparent-1-100x100.png 100w\" sizes=\"(max-width: 370px) 100vw, 370px\" \/>\t\t\t\t\t\t\t\t<\/a>\n\t\t\t\t\t\t\t\t\t\t\t\t\t\t\t<\/div>\n\t\t\t\t<\/div>\n\t\t\t\t<\/div>\n\t\t\t\t<\/div>\n\t\t\t\t\t<\/div>\n\t\t\t\t<\/div>\n\t\t\t\t<\/div>\n\t\t","protected":false},"excerpt":{"rendered":"<p>Urs Camenzind Begr\u00fcnder und Kursleiter der SanfteGeburt\u00ae Methode, Geburtsvorbereiter, Trauma-Coach und Gesundheitsberater und ganzheitlicher Bewusstseins-Trainer Liebe werdende Eltern, als Geburtsvorbereiter, Trauma-Coach und Gesundheitsberater und Bewusstseins-Trainer habe ich im Jahr 2006 gemeinsam mit einem Team von Experten den ganzheitlichen Geburtsvorbereitungskurs SanfteGeburt\u00ae entwickelt. Dabei haben wir 6 Schl\u00fcsselfaktoren f\u00fcr eine sichere und entspannte Geburt entdeckt und daraus [&hellip;]<\/p>\n","protected":false},"author":1,"featured_media":0,"parent":0,"menu_order":0,"comment_status":"closed","ping_status":"closed","template":"","meta":{"footnotes":""},"class_list":["post-84","page","type-page","status-publish","hentry"],"_links":{"self":[{"href":"https:\/\/sanftegeburt.ch\/shop\/wp-json\/wp\/v2\/pages\/84","targetHints":{"allow":["GET"]}}],"collection":[{"href":"https:\/\/sanftegeburt.ch\/shop\/wp-json\/wp\/v2\/pages"}],"about":[{"href":"https:\/\/sanftegeburt.ch\/shop\/wp-json\/wp\/v2\/types\/page"}],"author":[{"embeddable":true,"href":"https:\/\/sanftegeburt.ch\/shop\/wp-json\/wp\/v2\/users\/1"}],"replies":[{"embeddable":true,"href":"https:\/\/sanftegeburt.ch\/shop\/wp-json\/wp\/v2\/comments?post=84"}],"version-history":[{"count":0,"href":"https:\/\/sanftegeburt.ch\/shop\/wp-json\/wp\/v2\/pages\/84\/revisions"}],"wp:attachment":[{"href":"https:\/\/sanftegeburt.ch\/shop\/wp-json\/wp\/v2\/media?parent=84"}],"curies":[{"name":"wp","href":"https:\/\/api.w.org\/{rel}","templated":true}]}}