{"id":1109,"date":"2025-03-23T15:56:27","date_gmt":"2025-03-23T14:56:27","guid":{"rendered":"https:\/\/sanftegeburt.ch\/shop\/?post_type=product&#038;p=1109"},"modified":"2026-01-02T20:48:38","modified_gmt":"2026-01-02T19:48:38","slug":"baby-dreht-sich-aus-steisslage","status":"publish","type":"product","link":"https:\/\/sanftegeburt.ch\/shop\/produkt\/baby-dreht-sich-aus-steisslage\/","title":{"rendered":"Baby dreht sich aus Steisslage"},"content":{"rendered":"\t\t<div data-elementor-type=\"widget\" data-elementor-id=\"2279\" class=\"elementor elementor-2279\" data-elementor-post-type=\"elementor_library\">\n\t\t\t\t\t\t<div class=\"elementor-element elementor-element-4d9d5b76 elementor-widget elementor-widget-html\" data-id=\"4d9d5b76\" data-element_type=\"widget\" data-e-type=\"widget\" data-widget_type=\"html.default\">\n\t\t\t\t<div class=\"elementor-widget-container\">\n\t\t\t\t\t<div class=\"hinweisbox\">\n<p style=\"font-weight: 400;\"><strong style=\"font-weight: 600;\">Lies hier die neusten Erfolgsberichte von gl\u00fccklichen M\u00fcttern, bei denen sich ihr Kind gedreht hat.<\/strong>\n<a href=\"#tab-reviews\" onclick=\"document.querySelector('.woocommerce-Tabs-panel--reviews').style.display='block'; document.querySelector('.woocommerce-Tabs-panel--description').style.display='none'; document.querySelector('.reviews_tab a').click(); return false;\">Erfolgsberichte ansehen<\/a>\n<\/p>\n\n<\/div>\t\t\t\t<\/div>\n\t\t\t\t<\/div>\n\t\t\t\t<\/div>\n\t\t\n<div class=\"hinweisbox\">\n<p style=\"font-weight: 400;\"><strong style=\"font-weight: 600;\">HINWEIS: Dieses Audio-Paket wurde zur Korrektur\u00a0SOWIE\u00a0zur Vorbeugung einer Steisslage entwickelt.<\/strong><\/p>\n<\/div>\n<div class=\"hinweisbox\">\n<p style=\"font-weight: 400;\"><strong style=\"font-weight: 600; font-style: inherit;\">Steisslage\/Beckenendlage vorbeugen oder korrigieren<\/strong><span style=\"font-style: inherit; font-weight: inherit;\">\u00a0mit 3 Audio-Tiefenentspannungen. So dreht sich dein Baby\u00a0<\/span><strong style=\"font-weight: 600; font-style: inherit;\">in wenigen Stunden<\/strong><span style=\"font-style: inherit; font-weight: inherit;\">\u00a0in die Kopflage.\u00a0<\/span><\/p>\n<\/div>\n<div class=\"hinweisbox\">\n<p style=\"font-weight: 400;\">H\u00f6re einfach die 3 Audios,\u00a0<strong style=\"font-weight: 600;\">geniesse die<\/strong>\u00a0<strong style=\"font-weight: 600;\">Tiefenentspannung in K\u00f6rper und Geist<\/strong>\u00a0&#8211; und lasse die herausragenden Kr\u00e4fte deine Unterbewusstseins f\u00fcr dich arbeiten.<\/p>\n<p><strong style=\"font-weight: 600;\">Maximale Erfolgsquote<\/strong>\u00a0mit 1000-fach bew\u00e4hrtem Audio-Tiefenentspannungs-Konzept. Sofort herunterladen, anh\u00f6ren und positive Wirkung erleben.<\/p>\n<\/div>\n<h3 style=\"font-weight: 500;\">3 erfolgreiche Audio-Tiefenentspannungen, damit sich dein Baby schon bald wendet &#8211; oder zur Vorbeugung einer Steisslage<\/h3>\n<p style=\"font-style: inherit !important; font-weight: inherit !important;\">Das\u00a0<strong style=\"font-weight: 600;\">seit 2006<\/strong>\u00a0<strong style=\"font-weight: 600;\">europaweit 1000-fach bew\u00e4hrte<\/strong>\u00a0Tiefenentspannungs-Angebot\u00a0<em>\u201e<\/em><em>Baby\u00a0dreht sich aus\u00a0Steisslage\u201c<\/em>\u00a0gibt dir alles, was dir und deinem Baby hilft, loszulassen und sich geistig, emotional und k\u00f6rperlich tief und nachhaltig zu entspannen. Muskeln die jetzt noch das Baby festhalten, lockern sich und dein Kind kann sich entspannt drehen.<\/p>\n<p style=\"font-style: inherit !important; font-weight: inherit !important;\">Mit diesen speziell zur Vorbeugung und zur Steisslagen-Korrektur entwickelten Audio-Flow-Erlebnissen in Kombination mit bekannten Wendem\u00f6glichkeiten wie die &#8222;Indische Br\u00fccke&#8220;, Akupunktur, Moxibustion usw., erziele die\u00a0<strong style=\"font-weight: 600;\">eindeutig besten Resultate<\/strong>, dass sich dein Baby innerhalb von k\u00fcrzester Zeit (meist 12-36 Stunden), in die Kopflage dreht.<\/p>\n<h3 style=\"font-weight: 500;\"><strong>Das erh\u00e4lst du<\/strong><\/h3>\n<p style=\"font-style: inherit !important; font-weight: inherit !important;\">Du erh\u00e4lst\u00a0<strong style=\"font-weight: 600;\">3 Audio-Flow-Erlebnisse<\/strong>\u00a0in Form von gef\u00fchrten Bilderreisen, die dich in die Tiefenentspannung f\u00fchren und die dein Unterbewusstsein so ansprechen, dass K\u00f6rper, Geist und Baby entsprechend positiv beeinflusst werden. Dadurch dreht sich dein Kindchen in k\u00fcrzester Zeit in die Kopflage.<\/p>\n<p style=\"font-style: inherit !important; font-weight: inherit !important;\">Soll sich dein Kind anhand der Umst\u00e4nde m\u00f6glichst rasch drehen, dann h\u00f6re als allererstes das Audio-Flow-Erlebnis\u00a0<em>&#8222;Baby dreht sich aus Steisslage&#8220;\u00a0<\/em>an.<\/p>\n<p style=\"font-style: inherit !important; font-weight: inherit !important;\">Hast du noch etwas Zeit oder m\u00f6chtest einer\u00a0<strong style=\"font-weight: 600;\">Steisslage vorbeugen<\/strong>, dann kombiniere die beiden zus\u00e4tzlichen Audios \u00fcber 3-4 Tage. Ein solches Audio-Flow-Erlebnis dauert ca. 20 Minuten. Danach kannst du, wenn du das m\u00f6chten, auch einschlafen.<\/p>\n<p style=\"font-style: inherit !important; font-weight: inherit !important;\">Selbstverst\u00e4ndlich erh\u00e4lst du auch eine kleine, \u00fcbersichtliche Anleitung, wie du erfahrungsgem\u00e4ss am besten vorgehen kannst \u2013\u00a0<strong style=\"font-weight: 600;\">um raschen Erfolg zu erzielen<\/strong>.<\/p>\n<h3 style=\"font-weight: 500;\">Darum wirst du den gew\u00fcnschten Erfolg haben<\/h3>\n<p style=\"font-style: inherit !important; font-weight: inherit !important;\">Herk\u00f6mmlich versucht man eine Steisslage oder Beckenendlage ausschliesslich mit bekannten Wendetechniken wie die \u00abIndische Br\u00fccke\u00bb, Akupunktur, Moxibustion etc. noch zu korrigieren.<\/p>\n<p style=\"font-style: inherit !important; font-weight: inherit !important;\">Dies gelingt oft nicht so gut, da nur mit dem K\u00f6rper gearbeitet wird und man den mentalen und emotionalen Bereich, sowie das Unterbewusstsein nicht wirklich mit einbezieht.<\/p>\n<p style=\"font-style: inherit !important; font-weight: inherit !important;\">Wir sind einen wesentlichen Schritt weiter gegangen und haben in jahrelanger Forschung mit vielen tausend Schwangeren herausgefunden, dass die Drehung aus einer Steisslage oder Beckenendlage\u00a0<strong style=\"font-weight: 600;\">eindeutig<\/strong>\u00a0besser gelingt, wenn man zu herk\u00f6mmlichen Wendetechniken\u00a0<strong style=\"font-weight: 600;\">ZUS\u00c4TZLICH<\/strong>\u00a0Audio-Flow-Erlebnisse einsetzt &#8211; und dadurch alle Ebenen von K\u00f6rper, Geist und Seele angesprochen werden.<\/p>\n<p style=\"font-style: inherit !important; font-weight: inherit !important;\">Durch diese\u00a0<strong style=\"font-weight: 600;\">ganzheitliche<\/strong>\u00a0Herangehensweise liegt die Erfolgsquote einer Wendung in die Kopflage tats\u00e4chlich bei \u00fcber 95%.<\/p>\n<h3 style=\"font-weight: 500;\"><strong>Einzigartig und bew\u00e4hrt<\/strong><\/h3>\n<p style=\"font-style: inherit !important; font-weight: inherit !important;\">Zusammengefasst sind folgende Punkte massgeblich daran beteiligt, dass dieses Angebot so erfolgreich ist:<\/p>\n<ol>\n<li style=\"font-style: inherit !important; font-weight: inherit !important;\">Das Audio-Flow-Erlebnis\u00a0<em>\u201eBaby dreht sich aus Steisslage\u201c<\/em>enth\u00e4lt die <strong>wesentlichen Erfolgsmerkmale<\/strong> der therapeutischen Hypnose\/Selbsthypnose, von Meditation, Autogenem Training, NLP (Neurolinguistisches Programmieren), Mental-Training, kreativem Visualisieren und Suggestionstechniken.<\/li>\n<li style=\"font-style: inherit !important; font-weight: inherit !important;\">Lasse die enorme\u00a0<strong style=\"font-weight: 600;\">Kraft deines Unterbewusstsein<\/strong>\u00a0f\u00fcr dich arbeiten. Durch die entstehende Tiefenentspannung programmiert sich dein Unterbewusstsein automatisch auf die Wendung deines Babys in die gew\u00fcnschte Kopflage. Ebenso schaffst du\u00a0<strong style=\"font-weight: 600;\">vorbeugend<\/strong>\u00a0die optimalen Voraussetzungen, dass sich dein Baby gar nicht erst in die Steisslage begibt.<br \/>\nLasse dich \u00fcberraschen, zu was dein K\u00f6rper und Geist in wenigen Stunden, durch diese gef\u00fchrten Bilderreisen f\u00e4hig sein werden.<\/li>\n<li style=\"font-style: inherit !important; font-weight: inherit !important;\">Wendetechniken\u00a0<b><strong>PLUS<\/strong><\/b>\u00a0Tiefenentspannung. Diese Kombination bringt dir den eindeutig gr\u00f6ssten Erfolg, da s\u00e4mtliche Ebenen von K\u00f6rper, Geist und Seele angesprochen und einbezogen werden. Auf diese Weise wird die Wendung ganzheitlich in Gang gesetzt. Als Beispiel zur akuten Soforthilfe kombinierst du also die &#8222;Indische Br\u00fccke&#8220; oder Moxibustion mit dem Audio-Flow-Erlebnis\u00a0<em>&#8222;Baby dreht sich aus Steisslage&#8220;.<\/em><\/li>\n<\/ol>\n<h3 style=\"font-weight: 500;\"><strong>Zusammengefasst enth\u00e4lt dieses Angebot:<\/strong><\/h3>\n<ul class=\"liste_schlicht\">\n<li><strong style=\"font-weight: 600;\">3 gef\u00fchrte Audio-Flow-Erlebnisse:<\/strong><strong style=\"font-weight: 600;\">\u00a0<\/strong><br \/>\n&#8211;\u00a0Baby dreht sich aus\u00a0Steisslage<br \/>\n&#8211;\u00a0Mutter-Kind-Verbindung intensivieren<br \/>\n&#8211;\u00a0Wunsch-Erf\u00fcllung \u00fcber das Unterbewusstsein<\/li>\n<\/ul>\n<ul class=\"liste_schlicht\">\n<li><strong style=\"font-weight: 600;\">1 Tiefen-Entspannungsmusik:<\/strong><strong style=\"font-weight: 600;\">\u00a0<\/strong><br \/>\n&#8211; Baby dreht sich aus\u00a0Steisslage<\/li>\n<li><strong style=\"font-weight: 600;\">Kleine, \u00fcbersichtliche Anleitung,<\/strong>\u00a0wie du am besten vorgehst, damit sich dein Baby innerhalb k\u00fcrzester Zeit in die Kopflage dreht &#8211; oder du einer Steisslage vorbeugen kannst.<\/li>\n<\/ul>\n\t\t<div data-elementor-type=\"widget\" data-elementor-id=\"2279\" class=\"elementor elementor-2279\" data-elementor-post-type=\"elementor_library\">\n\t\t\t\t\t\t<div class=\"elementor-element elementor-element-4d9d5b76 elementor-widget elementor-widget-html\" data-id=\"4d9d5b76\" data-element_type=\"widget\" data-e-type=\"widget\" data-widget_type=\"html.default\">\n\t\t\t\t<div class=\"elementor-widget-container\">\n\t\t\t\t\t<div class=\"hinweisbox\">\n<p style=\"font-weight: 400;\"><strong style=\"font-weight: 600;\">Lies hier die neusten Erfolgsberichte von gl\u00fccklichen M\u00fcttern, bei denen sich ihr Kind gedreht hat.<\/strong>\n<a href=\"#tab-reviews\" onclick=\"document.querySelector('.woocommerce-Tabs-panel--reviews').style.display='block'; document.querySelector('.woocommerce-Tabs-panel--description').style.display='none'; document.querySelector('.reviews_tab a').click(); return false;\">Erfolgsberichte ansehen<\/a>\n<\/p>\n\n<\/div>\t\t\t\t<\/div>\n\t\t\t\t<\/div>\n\t\t\t\t<\/div>\n\t\t\n<div class=\"hinweisbox\">\n<p style=\"font-weight: 400;\">Das Tiefenentspannungs-Angebot\u00a0<em>\u201eBaby dreht sich aus Steisslage\u201d<\/em>\u00a0ist 1000-fach bew\u00e4hrt und hat eine\u00a0<strong style=\"font-weight: 600;\">Erfolgsquote von \u00fcber 95%<\/strong>. Du erh\u00e4lst alles, um aktiv die Wendung deines Baby aus der Steisslage\/Beckenendlage beeinflussen zu k\u00f6nnen &#8211; oder eine Steisslage pr\u00e4ventiv zu verhindern.<\/p>\n<p>Bei einigen Audios kann man zwischen einer m\u00e4nnlichen und weiblichen Sprecherstimme ausw\u00e4hlen.<\/p>\n<p><strong style=\"font-weight: 600;\">Hinweis:\u00a0<\/strong>Dies ist ein\u00a0<strong style=\"font-weight: 600;\">Download-Produkt<\/strong>. Du kannst es\u00a0<strong style=\"font-weight: 600;\">SOFORT<\/strong>\u00a0<strong style=\"font-weight: 600;\">herunterladen<\/strong>\u00a0und\u00a0<strong style=\"font-weight: 600;\">nutzen<\/strong>.<\/p>\n<\/div>\n<div class=\"hinweisbox\">\n<p style=\"font-weight: 400;\"><strong style=\"font-weight: 600;\">Noch Fragen?<\/strong>\u00a0Gerne bin ich f\u00fcr dich da.<br \/>\ninfo@sanftegeburt.ch<br \/>\nWhatsapp Sofort-Kontakt:\u00a0+41 79 437 39 27<\/p>\n<\/div>\n","protected":false},"excerpt":{"rendered":"<p>So dreht sich dein Baby aus der Steisslage (95% Erfolgsquote)<br \/>\n<strong>(Audio Sofort-Download)<\/strong><\/p>\n","protected":false},"featured_media":993,"comment_status":"open","ping_status":"closed","template":"","meta":{"wds_primary_product_brand":0,"wds_primary_product_cat":0},"product_brand":[],"product_cat":[16,15],"product_tag":[108],"class_list":{"0":"post-1109","1":"product","2":"type-product","3":"status-publish","4":"has-post-thumbnail","6":"product_cat-schwangerschaft","7":"product_cat-tiefenentspannung","8":"product_tag-steisslage","10":"first","11":"instock","12":"downloadable","13":"virtual","14":"taxable","15":"purchasable","16":"product-type-simple"},"_links":{"self":[{"href":"https:\/\/sanftegeburt.ch\/shop\/wp-json\/wp\/v2\/product\/1109","targetHints":{"allow":["GET"]}}],"collection":[{"href":"https:\/\/sanftegeburt.ch\/shop\/wp-json\/wp\/v2\/product"}],"about":[{"href":"https:\/\/sanftegeburt.ch\/shop\/wp-json\/wp\/v2\/types\/product"}],"replies":[{"embeddable":true,"href":"https:\/\/sanftegeburt.ch\/shop\/wp-json\/wp\/v2\/comments?post=1109"}],"wp:featuredmedia":[{"embeddable":true,"href":"https:\/\/sanftegeburt.ch\/shop\/wp-json\/wp\/v2\/media\/993"}],"wp:attachment":[{"href":"https:\/\/sanftegeburt.ch\/shop\/wp-json\/wp\/v2\/media?parent=1109"}],"wp:term":[{"taxonomy":"product_brand","embeddable":true,"href":"https:\/\/sanftegeburt.ch\/shop\/wp-json\/wp\/v2\/product_brand?post=1109"},{"taxonomy":"product_cat","embeddable":true,"href":"https:\/\/sanftegeburt.ch\/shop\/wp-json\/wp\/v2\/product_cat?post=1109"},{"taxonomy":"product_tag","embeddable":true,"href":"https:\/\/sanftegeburt.ch\/shop\/wp-json\/wp\/v2\/product_tag?post=1109"}],"curies":[{"name":"wp","href":"https:\/\/api.w.org\/{rel}","templated":true}]}}